{"id":92,"date":"2021-01-11T19:05:16","date_gmt":"2021-01-11T19:05:16","guid":{"rendered":"http:\/\/3.128.5.7\/?page_id=92"},"modified":"2021-06-09T22:07:56","modified_gmt":"2021-06-09T22:07:56","slug":"upper-intermediate","status":"publish","type":"page","link":"https:\/\/alianzama.edu.mx\/?page_id=92","title":{"rendered":"Upper-Intermediate"},"content":{"rendered":"\n<div class=\"wp-block-media-text alignwide is-stacked-on-mobile\"><figure class=\"wp-block-media-text__media\"><\/figure><div class=\"wp-block-media-text__content\">\n<p class=\"has-large-font-size\">upper-intermediate<\/p>\n\n\n\n<p class=\"has-text-align-center\">Es capaz de entender las ideas principales de textos complejos que traten de temas tanto concretos como abstractos, incluso si son de car\u00e1cter t\u00e9cnico siempre que est\u00e9n dentro de su campo de especializaci\u00f3n. Puede relacionarse con habitantes nativos con un grado suficiente de fluidez y naturalidad de modo que la comunicaci\u00f3n se realice sin esfuerzo por parte de los interlocutores. Puede producir textos claros y detallados sobre temas diversos, as\u00ed como defender  un punto de vista sobre temas generales indicando los pros y los contras de las distintas opiniones<\/p>\n<\/div><\/div>\n","protected":false},"excerpt":{"rendered":"<p>upper-intermediate Es capaz de entender las ideas principales de textos complejos que traten de temas tanto concretos como abstractos, incluso si son de car\u00e1cter t\u00e9cnico siempre que est\u00e9n dentro de&hellip; <br \/> <a class=\"read-more\" href=\"https:\/\/alianzama.edu.mx\/?page_id=92\">Leer m\u00e1s<\/a><\/p>\n","protected":false},"author":1,"featured_media":0,"parent":0,"menu_order":0,"comment_status":"closed","ping_status":"closed","template":"","meta":{"footnotes":""},"class_list":["post-92","page","type-page","status-publish","hentry"],"_links":{"self":[{"href":"https:\/\/alianzama.edu.mx\/index.php?rest_route=\/wp\/v2\/pages\/92","targetHints":{"allow":["GET"]}}],"collection":[{"href":"https:\/\/alianzama.edu.mx\/index.php?rest_route=\/wp\/v2\/pages"}],"about":[{"href":"https:\/\/alianzama.edu.mx\/index.php?rest_route=\/wp\/v2\/types\/page"}],"author":[{"embeddable":true,"href":"https:\/\/alianzama.edu.mx\/index.php?rest_route=\/wp\/v2\/users\/1"}],"replies":[{"embeddable":true,"href":"https:\/\/alianzama.edu.mx\/index.php?rest_route=%2Fwp%2Fv2%2Fcomments&post=92"}],"version-history":[{"count":3,"href":"https:\/\/alianzama.edu.mx\/index.php?rest_route=\/wp\/v2\/pages\/92\/revisions"}],"predecessor-version":[{"id":613,"href":"https:\/\/alianzama.edu.mx\/index.php?rest_route=\/wp\/v2\/pages\/92\/revisions\/613"}],"wp:attachment":[{"href":"https:\/\/alianzama.edu.mx\/index.php?rest_route=%2Fwp%2Fv2%2Fmedia&parent=92"}],"curies":[{"name":"wp","href":"https:\/\/api.w.org\/{rel}","templated":true}]}}