{"id":86,"date":"2021-01-11T19:00:36","date_gmt":"2021-01-11T19:00:36","guid":{"rendered":"http:\/\/3.128.5.7\/?page_id=86"},"modified":"2025-01-09T22:50:26","modified_gmt":"2025-01-09T22:50:26","slug":"pre-intermediate","status":"publish","type":"page","link":"https:\/\/alianzama.edu.mx\/?page_id=86","title":{"rendered":"Pre-Intermediate"},"content":{"rendered":"\t\t<div data-elementor-type=\"wp-page\" data-elementor-id=\"86\" class=\"elementor elementor-86\">\n\t\t\t\t<div class=\"elementor-element elementor-element-35ad858 e-flex e-con-boxed e-con e-parent\" data-id=\"35ad858\" data-element_type=\"container\">\n\t\t\t\t\t<div class=\"e-con-inner\">\n\t\t\t\t<div class=\"elementor-element elementor-element-4f44da8c elementor-widget elementor-widget-text-editor\" data-id=\"4f44da8c\" data-element_type=\"widget\" data-widget_type=\"text-editor.default\">\n\t\t\t\t<div class=\"elementor-widget-container\">\n\t\t\t\t\t\t\t\t\t\n<h2 class=\"wp-block-heading\">Aptitudes<\/h2>\n\n<div class=\"wp-block-media-text alignwide is-stacked-on-mobile\">\n<figure class=\"wp-block-media-text__media\"><img fetchpriority=\"high\" decoding=\"async\" width=\"791\" height=\"1024\" class=\"wp-image-210 size-full\" src=\"http:\/\/alianzama.edu.mx\/wp-content\/uploads\/2021\/01\/pre-intermediate-791x1024.jpg\" alt=\"\" srcset=\"https:\/\/alianzama.edu.mx\/wp-content\/uploads\/2021\/01\/pre-intermediate-791x1024.jpg 791w, https:\/\/alianzama.edu.mx\/wp-content\/uploads\/2021\/01\/pre-intermediate-232x300.jpg 232w, https:\/\/alianzama.edu.mx\/wp-content\/uploads\/2021\/01\/pre-intermediate-768x994.jpg 768w, https:\/\/alianzama.edu.mx\/wp-content\/uploads\/2021\/01\/pre-intermediate.jpg 816w\" sizes=\"(max-width: 791px) 100vw, 791px\" \/><\/figure>\n<div class=\"wp-block-media-text__content\">\n<p class=\"has-large-font-size\">Pre-Intermediate<\/p>\n\n<p class=\"has-text-align-center\">Es capaz de comprender el idioma de manera eficiente en situaciones familiares, la comprensi\u00f3n a este nivel difiere de la del nivel A2 en que esta va mas all\u00e1 de la simple capacidad de discernir hechos y puede extenderse a opiniones sencillas y deseos. En un contexto familiar, puede hacer preguntas que requieren un intercambio de informaci\u00f3n, pero puede tener dificultades con cuestiones imprevisibles o poco familiares. En lo que se refiere a conversaciones telef\u00f3nicas, puede entender y recibir mensajes mientras se trate de asuntos de rutina. Puede leer y comprender informaci\u00f3n sencilla, siempre que este no contenga t\u00e9rminos especiales. Es capaz de escribir cartas (e-mails personales simples). Puede relatar aspectos hist\u00f3ricos y an\u00e9cdotas de manera pausada pero eficientemente.<\/p>\n<\/div>\n<\/div>\n<hr class=\"wp-block-separator\" \/>\n<figure class=\"wp-block-image size-large\"><img decoding=\"async\" width=\"939\" height=\"113\" class=\"wp-image-202 lazyload\" data-src=\"http:\/\/alianzama.edu.mx\/wp-content\/uploads\/2021\/01\/cenni-1.jpg\" alt=\"\" data-srcset=\"https:\/\/alianzama.edu.mx\/wp-content\/uploads\/2021\/01\/cenni-1.jpg 939w, https:\/\/alianzama.edu.mx\/wp-content\/uploads\/2021\/01\/cenni-1-300x36.jpg 300w, https:\/\/alianzama.edu.mx\/wp-content\/uploads\/2021\/01\/cenni-1-768x92.jpg 768w\" data-sizes=\"(max-width: 939px) 100vw, 939px\" src=\"data:image\/gif;base64,R0lGODlhAQABAAAAACH5BAEKAAEALAAAAAABAAEAAAICTAEAOw==\" style=\"--smush-placeholder-width: 939px; --smush-placeholder-aspect-ratio: 939\/113;\" \/>\n<figcaption>Nivel al MCERL B1-B1<\/figcaption>\n<\/figure>\n\t\t\t\t\t\t\t\t<\/div>\n\t\t\t\t<\/div>\n\t\t\t\t\t<\/div>\n\t\t\t\t<\/div>\n\t\t<div class=\"elementor-element elementor-element-483c72e e-con-full e-flex e-con e-parent\" data-id=\"483c72e\" data-element_type=\"container\">\n\t\t\t\t<div class=\"elementor-element elementor-element-5d34289 elementor-widget__width-inherit elementor-widget elementor-widget-html\" data-id=\"5d34289\" data-element_type=\"widget\" data-widget_type=\"html.default\">\n\t\t\t\t<div class=\"elementor-widget-container\">\n\t\t\t\t\t<!DOCTYPE html>\r\n<html lang=\"es\">\r\n<head>\r\n    <meta charset=\"UTF-8\">\r\n    <meta name=\"viewport\" content=\"width=device-width, initial-scale=1.0\">\r\n    <title>Pie de P\u00e1gina<\/title>\r\n    <link rel=\"stylesheet\" href=\"https:\/\/cdnjs.cloudflare.com\/ajax\/libs\/font-awesome\/5.15.3\/css\/all.min.css\">\r\n    <style>\r\n        .caja {\r\n            background-color: #111;\r\n            color: white;\r\n            padding: 20px 0;\r\n            text-align: center;\r\n            display: flex;\r\n            flex-wrap: wrap;\r\n            flex: 1;\r\n        }\r\n        .cajas {\r\n            flex: 1;\r\n            min-width:250PX;\r\n            margin: 10px;\r\n            padding: 10px;\r\n            background-color: #222;\r\n            border-radius: 5px;\r\n            box-sizing: border-box;\r\n        }\r\n        .cajat{\r\n        margin: auto\r\n        }\r\n        .cajas .Tcajas {\r\n            margin-top: 0;\r\n            font-size: 1.2em;\r\n            color: rgb(228, 228, 228);\r\n        }\r\n        .cajas .pcajas   {\r\n            margin: 5px 0;\r\n            font-size: 1em;\r\n        }\r\n        .cajas i {\r\n            font-size: 2em;\r\n            margin-bottom: 10px;\r\n        }\r\n\r\n        .footer-content.center-xs{\r\n            background-color: #111\r\n        }\r\n        .hero-title{\r\n            font-weight: 500 !important;\r\n        i{\r\n            font-family: Sans-Serif\r\n        }\r\n    <\/style>\r\n<\/head>\r\n<body>\r\n    <!-- Otros contenidos de la p\u00e1gina -->\r\n\r\n    <footer class=\"caja\">\r\n        <div class=\"cajat\">\r\n            <img decoding=\"async\" data-src=\"https:\/\/alianzama.edu.mx\/wp-content\/uploads\/2021\/04\/LOGOTRANS.png\" width=\"250px\" src=\"data:image\/gif;base64,R0lGODlhAQABAAAAACH5BAEKAAEALAAAAAABAAEAAAICTAEAOw==\" class=\"lazyload\" style=\"--smush-placeholder-width: 1366px; --smush-placeholder-aspect-ratio: 1366\/768;\">\r\n        <\/div>\r\n        <div class=\"cajas\">\r\n            <i class=\"fas fa-phone-alt\"><\/i>\r\n            <h3 class=\"Tcajas\">Tel\u00e9fono<\/h3>\r\n            <p class=\"pcajas\">Campus Tlaxiaco: (953) 2397626<\/p>\r\n            <hr>\r\n            <p>Campus Pinotepa: (954) 206 1910 <br>(953) 229 5158<\/p>\r\n        <\/div>\r\n        <div class=\"cajas\">\r\n            <i class=\"fas fa-envelope\"><\/i>\r\n            <h3 class=\"Tcajas\">Correo Electr\u00f3nico<\/h3>\r\n            <p class=\"pcajas\">isiama.20361ctlaxiaco@gmail.com<\/p>\r\n            <hr>\r\n            <p class=\"pcajas\">isiama.pinotepa.20361@gmail.com<\/p>\r\n        <\/div>\r\n        <div class=\"cajas\">\r\n            <i class=\"fas fa-map-marker-alt\"><\/i>\r\n            <h3 class=\"Tcajas\">Ubicaci\u00f3n<\/h3>\r\n            <p class=\"pcajas\">Calle Tercera Ote. 105, Centro, 71600 Santiago Pinotepa Nacional, Oax., M\u00e9xico<\/p>\r\n        <\/div>\r\n    <\/footer>\r\n<\/body>\r\n<\/html>\t\t\t\t<\/div>\n\t\t\t\t<\/div>\n\t\t\t\t<\/div>\n\t\t\t\t<\/div>\n\t\t","protected":false},"excerpt":{"rendered":"<p>Aptitudes Pre-Intermediate Es capaz de comprender el idioma de manera eficiente en situaciones familiares, la comprensi\u00f3n a este nivel difiere de la del nivel A2 en que esta va mas&hellip; <br \/> <a class=\"read-more\" href=\"https:\/\/alianzama.edu.mx\/?page_id=86\">Leer m\u00e1s<\/a><\/p>\n","protected":false},"author":1,"featured_media":0,"parent":0,"menu_order":0,"comment_status":"closed","ping_status":"closed","template":"elementor_header_footer","meta":{"footnotes":""},"class_list":["post-86","page","type-page","status-publish","hentry"],"_links":{"self":[{"href":"https:\/\/alianzama.edu.mx\/index.php?rest_route=\/wp\/v2\/pages\/86","targetHints":{"allow":["GET"]}}],"collection":[{"href":"https:\/\/alianzama.edu.mx\/index.php?rest_route=\/wp\/v2\/pages"}],"about":[{"href":"https:\/\/alianzama.edu.mx\/index.php?rest_route=\/wp\/v2\/types\/page"}],"author":[{"embeddable":true,"href":"https:\/\/alianzama.edu.mx\/index.php?rest_route=\/wp\/v2\/users\/1"}],"replies":[{"embeddable":true,"href":"https:\/\/alianzama.edu.mx\/index.php?rest_route=%2Fwp%2Fv2%2Fcomments&post=86"}],"version-history":[{"count":6,"href":"https:\/\/alianzama.edu.mx\/index.php?rest_route=\/wp\/v2\/pages\/86\/revisions"}],"predecessor-version":[{"id":2010,"href":"https:\/\/alianzama.edu.mx\/index.php?rest_route=\/wp\/v2\/pages\/86\/revisions\/2010"}],"wp:attachment":[{"href":"https:\/\/alianzama.edu.mx\/index.php?rest_route=%2Fwp%2Fv2%2Fmedia&parent=86"}],"curies":[{"name":"wp","href":"https:\/\/api.w.org\/{rel}","templated":true}]}}