{"id":83,"date":"2021-01-11T18:57:14","date_gmt":"2021-01-11T18:57:14","guid":{"rendered":"http:\/\/3.128.5.7\/?page_id=83"},"modified":"2021-01-16T19:04:45","modified_gmt":"2021-01-16T19:04:45","slug":"upper-basic","status":"publish","type":"page","link":"https:\/\/alianzama.edu.mx\/?page_id=83","title":{"rendered":"Upper Basic"},"content":{"rendered":"\n<h2 class=\"wp-block-heading\">Aptitudes<\/h2>\n\n\n\n<div class=\"wp-block-media-text alignwide is-stacked-on-mobile\"><figure class=\"wp-block-media-text__media\"><img fetchpriority=\"high\" decoding=\"async\" width=\"791\" height=\"1024\" src=\"http:\/\/alianzama.edu.mx\/wp-content\/uploads\/2021\/01\/upperb1-791x1024.jpg\" alt=\"\" class=\"wp-image-213 size-full\" srcset=\"https:\/\/alianzama.edu.mx\/wp-content\/uploads\/2021\/01\/upperb1-791x1024.jpg 791w, https:\/\/alianzama.edu.mx\/wp-content\/uploads\/2021\/01\/upperb1-232x300.jpg 232w, https:\/\/alianzama.edu.mx\/wp-content\/uploads\/2021\/01\/upperb1-768x994.jpg 768w, https:\/\/alianzama.edu.mx\/wp-content\/uploads\/2021\/01\/upperb1.jpg 816w\" sizes=\"(max-width: 791px) 100vw, 791px\" \/><\/figure><div class=\"wp-block-media-text__content\">\n<p class=\"has-large-font-size\">Upper basic<\/p>\n\n\n\n<p>Es capaz de comprender y utilizar expresiones cotidianas de uso frecuente relacionadas con \u00e1reas de experiencia que le son especialmente relevantes(Informaci\u00f3n b\u00e1sica sobre s\u00ed mismo y s familia, compras, lugares de inter\u00e9s ocupaciones, etc.). Sabe comunicarse a la hora de llevar a cabo tareas simples y cotidianas que no requieran m\u00e1s que intercambios sencillos y directos de informaci\u00f3n sobre cuestiones que le son conocidas o habituales. Sabe describir en t\u00e9rminos sencillos aspectos de su pasado y su entorno as\u00ed como cuestiones relacionadas con sus necesidades inmediatas<\/p>\n<\/div><\/div>\n\n\n\n<p> <\/p>\n","protected":false},"excerpt":{"rendered":"<p>Aptitudes Upper basic Es capaz de comprender y utilizar expresiones cotidianas de uso frecuente relacionadas con \u00e1reas de experiencia que le son especialmente relevantes(Informaci\u00f3n b\u00e1sica sobre s\u00ed mismo y s&hellip; <br \/> <a class=\"read-more\" href=\"https:\/\/alianzama.edu.mx\/?page_id=83\">Leer m\u00e1s<\/a><\/p>\n","protected":false},"author":1,"featured_media":0,"parent":0,"menu_order":0,"comment_status":"closed","ping_status":"closed","template":"","meta":{"footnotes":""},"class_list":["post-83","page","type-page","status-publish","hentry"],"_links":{"self":[{"href":"https:\/\/alianzama.edu.mx\/index.php?rest_route=\/wp\/v2\/pages\/83","targetHints":{"allow":["GET"]}}],"collection":[{"href":"https:\/\/alianzama.edu.mx\/index.php?rest_route=\/wp\/v2\/pages"}],"about":[{"href":"https:\/\/alianzama.edu.mx\/index.php?rest_route=\/wp\/v2\/types\/page"}],"author":[{"embeddable":true,"href":"https:\/\/alianzama.edu.mx\/index.php?rest_route=\/wp\/v2\/users\/1"}],"replies":[{"embeddable":true,"href":"https:\/\/alianzama.edu.mx\/index.php?rest_route=%2Fwp%2Fv2%2Fcomments&post=83"}],"version-history":[{"count":3,"href":"https:\/\/alianzama.edu.mx\/index.php?rest_route=\/wp\/v2\/pages\/83\/revisions"}],"predecessor-version":[{"id":214,"href":"https:\/\/alianzama.edu.mx\/index.php?rest_route=\/wp\/v2\/pages\/83\/revisions\/214"}],"wp:attachment":[{"href":"https:\/\/alianzama.edu.mx\/index.php?rest_route=%2Fwp%2Fv2%2Fmedia&parent=83"}],"curies":[{"name":"wp","href":"https:\/\/api.w.org\/{rel}","templated":true}]}}