{"id":71,"date":"2021-01-11T18:38:10","date_gmt":"2021-01-11T18:38:10","guid":{"rendered":"http:\/\/3.128.5.7\/?page_id=71"},"modified":"2025-01-09T22:45:56","modified_gmt":"2025-01-09T22:45:56","slug":"fundamentals-1","status":"publish","type":"page","link":"https:\/\/alianzama.edu.mx\/?page_id=71","title":{"rendered":"Fundamentals 1"},"content":{"rendered":"\t\t<div data-elementor-type=\"wp-page\" data-elementor-id=\"71\" class=\"elementor elementor-71\">\n\t\t\t\t<div class=\"elementor-element elementor-element-2ee84859 e-flex e-con-boxed e-con e-parent\" data-id=\"2ee84859\" data-element_type=\"container\">\n\t\t\t\t\t<div class=\"e-con-inner\">\n\t\t\t\t<div class=\"elementor-element elementor-element-39aec456 elementor-widget elementor-widget-text-editor\" data-id=\"39aec456\" data-element_type=\"widget\" data-widget_type=\"text-editor.default\">\n\t\t\t\t<div class=\"elementor-widget-container\">\n\t\t\t\t\t\t\t\t\t\n<h2 class=\"has-text-align-center wp-block-heading\">Aptitudes<\/h2>\n\n\n\n<div class=\"wp-block-media-text alignwide is-stacked-on-mobile has-black-color has-white-background-color has-text-color has-background\"><figure class=\"wp-block-media-text__media\"><\/figure><div class=\"wp-block-media-text__content\">\n<p class=\"has-text-align-center has-large-font-size\">Fundamentals 1<\/p>\n\n\n\n<p class=\"has-text-align-center\">Es capaz de comprender y emplear expresiones muy sencillas de uso muy frecuente. Su vocabulario apenas alcanza 300 palabras en promedio. Puede presentarse a s\u00ed mismo y a otros, pedir y dar informaci\u00f3n personal con preguntas que le sean familiares. Es capaz de describir el clima y cosas en su entorno con palabras simples. Puede realizar invitaciones verbales y escritas. Pedir y dar precios de productos de uso inmediato. Da locaci\u00f3n de personas, objetos y animales. Puede expresar las actividades de d\u00edas festivos propios del pa\u00eds. Produce textos muy breves. Puede describir personas u objetos limitadamente. <\/p>\n<\/div><\/div>\n\n\n\n<hr class=\"wp-block-separator aligncenter\"\/>\n\n\n\n<div class=\"wp-block-image is-style-default\"><figure class=\"aligncenter size-large\"><img fetchpriority=\"high\" decoding=\"async\" width=\"939\" height=\"113\" src=\"http:\/\/alianzama.edu.mx\/wp-content\/uploads\/2021\/01\/cenni.jpg\" alt=\"\" class=\"wp-image-196\" srcset=\"https:\/\/alianzama.edu.mx\/wp-content\/uploads\/2021\/01\/cenni.jpg 939w, https:\/\/alianzama.edu.mx\/wp-content\/uploads\/2021\/01\/cenni-300x36.jpg 300w, https:\/\/alianzama.edu.mx\/wp-content\/uploads\/2021\/01\/cenni-768x92.jpg 768w\" sizes=\"(max-width: 939px) 100vw, 939px\" \/><figcaption>Nivel al MCERL A1- &amp; A1<\/figcaption><\/figure><\/div>\n\t\t\t\t\t\t\t\t<\/div>\n\t\t\t\t<\/div>\n\t\t\t\t\t<\/div>\n\t\t\t\t<\/div>\n\t\t<div class=\"elementor-element elementor-element-3b42aa1 e-con-full e-flex e-con e-parent\" data-id=\"3b42aa1\" data-element_type=\"container\">\n\t\t\t\t<div class=\"elementor-element elementor-element-37af544 elementor-widget__width-inherit elementor-widget elementor-widget-html\" data-id=\"37af544\" data-element_type=\"widget\" data-widget_type=\"html.default\">\n\t\t\t\t<div class=\"elementor-widget-container\">\n\t\t\t\t\t<!DOCTYPE html>\r\n<html lang=\"es\">\r\n<head>\r\n    <meta charset=\"UTF-8\">\r\n    <meta name=\"viewport\" content=\"width=device-width, initial-scale=1.0\">\r\n    <title>Pie de P\u00e1gina<\/title>\r\n    <link rel=\"stylesheet\" href=\"https:\/\/cdnjs.cloudflare.com\/ajax\/libs\/font-awesome\/5.15.3\/css\/all.min.css\">\r\n    <style>\r\n        .caja {\r\n            background-color: #111;\r\n            color: white;\r\n            padding: 20px 0;\r\n            text-align: center;\r\n            display: flex;\r\n            flex-wrap: wrap;\r\n            flex: 1;\r\n        }\r\n        .cajas {\r\n            flex: 1;\r\n            min-width:250PX;\r\n            margin: 10px;\r\n            padding: 10px;\r\n            background-color: #222;\r\n            border-radius: 5px;\r\n            box-sizing: border-box;\r\n        }\r\n        .cajat{\r\n        margin: auto\r\n        }\r\n        .cajas .Tcajas {\r\n            margin-top: 0;\r\n            font-size: 1.2em;\r\n            color: rgb(228, 228, 228);\r\n        }\r\n        .cajas .pcajas   {\r\n            margin: 5px 0;\r\n            font-size: 1em;\r\n        }\r\n        .cajas i {\r\n            font-size: 2em;\r\n            margin-bottom: 10px;\r\n        }\r\n\r\n        .footer-content.center-xs{\r\n            background-color: #111\r\n        }\r\n        .hero-title{\r\n            font-weight: 500 !important;\r\n        i{\r\n            font-family: Sans-Serif\r\n        }\r\n    <\/style>\r\n<\/head>\r\n<body>\r\n    <!-- Otros contenidos de la p\u00e1gina -->\r\n\r\n    <footer class=\"caja\">\r\n        <div class=\"cajat\">\r\n            <img decoding=\"async\" data-src=\"https:\/\/alianzama.edu.mx\/wp-content\/uploads\/2021\/04\/LOGOTRANS.png\" width=\"250px\" src=\"data:image\/gif;base64,R0lGODlhAQABAAAAACH5BAEKAAEALAAAAAABAAEAAAICTAEAOw==\" class=\"lazyload\" style=\"--smush-placeholder-width: 1366px; --smush-placeholder-aspect-ratio: 1366\/768;\">\r\n        <\/div>\r\n        <div class=\"cajas\">\r\n            <i class=\"fas fa-phone-alt\"><\/i>\r\n            <h3 class=\"Tcajas\">Tel\u00e9fono<\/h3>\r\n            <p class=\"pcajas\">Campus Tlaxiaco: (953) 2397626<\/p>\r\n            <hr>\r\n            <p>Campus Pinotepa: (954) 206 1910 <br>(953) 229 5158<\/p>\r\n        <\/div>\r\n        <div class=\"cajas\">\r\n            <i class=\"fas fa-envelope\"><\/i>\r\n            <h3 class=\"Tcajas\">Correo Electr\u00f3nico<\/h3>\r\n            <p class=\"pcajas\">isiama.20361ctlaxiaco@gmail.com<\/p>\r\n            <hr>\r\n            <p class=\"pcajas\">isiama.pinotepa.20361@gmail.com<\/p>\r\n        <\/div>\r\n        <div class=\"cajas\">\r\n            <i class=\"fas fa-map-marker-alt\"><\/i>\r\n            <h3 class=\"Tcajas\">Ubicaci\u00f3n<\/h3>\r\n            <p class=\"pcajas\">Calle Tercera Ote. 105, Centro, 71600 Santiago Pinotepa Nacional, Oax., M\u00e9xico<\/p>\r\n        <\/div>\r\n    <\/footer>\r\n<\/body>\r\n<\/html>\t\t\t\t<\/div>\n\t\t\t\t<\/div>\n\t\t\t\t<\/div>\n\t\t\t\t<\/div>\n\t\t","protected":false},"excerpt":{"rendered":"<p>Aptitudes Fundamentals 1 Es capaz de comprender y emplear expresiones muy sencillas de uso muy frecuente. Su vocabulario apenas alcanza 300 palabras en promedio. Puede presentarse a s\u00ed mismo y&hellip; <br \/> <a class=\"read-more\" href=\"https:\/\/alianzama.edu.mx\/?page_id=71\">Leer m\u00e1s<\/a><\/p>\n","protected":false},"author":1,"featured_media":0,"parent":0,"menu_order":0,"comment_status":"closed","ping_status":"closed","template":"elementor_header_footer","meta":{"footnotes":""},"class_list":["post-71","page","type-page","status-publish","hentry"],"_links":{"self":[{"href":"https:\/\/alianzama.edu.mx\/index.php?rest_route=\/wp\/v2\/pages\/71","targetHints":{"allow":["GET"]}}],"collection":[{"href":"https:\/\/alianzama.edu.mx\/index.php?rest_route=\/wp\/v2\/pages"}],"about":[{"href":"https:\/\/alianzama.edu.mx\/index.php?rest_route=\/wp\/v2\/types\/page"}],"author":[{"embeddable":true,"href":"https:\/\/alianzama.edu.mx\/index.php?rest_route=\/wp\/v2\/users\/1"}],"replies":[{"embeddable":true,"href":"https:\/\/alianzama.edu.mx\/index.php?rest_route=%2Fwp%2Fv2%2Fcomments&post=71"}],"version-history":[{"count":12,"href":"https:\/\/alianzama.edu.mx\/index.php?rest_route=\/wp\/v2\/pages\/71\/revisions"}],"predecessor-version":[{"id":1982,"href":"https:\/\/alianzama.edu.mx\/index.php?rest_route=\/wp\/v2\/pages\/71\/revisions\/1982"}],"wp:attachment":[{"href":"https:\/\/alianzama.edu.mx\/index.php?rest_route=%2Fwp%2Fv2%2Fmedia&parent=71"}],"curies":[{"name":"wp","href":"https:\/\/api.w.org\/{rel}","templated":true}]}}