{"id":1922,"date":"2025-01-09T21:27:06","date_gmt":"2025-01-09T21:27:06","guid":{"rendered":"https:\/\/alianzama.edu.mx\/?page_id=1922"},"modified":"2025-01-09T22:20:53","modified_gmt":"2025-01-09T22:20:53","slug":"informatica-basica","status":"publish","type":"page","link":"https:\/\/alianzama.edu.mx\/?page_id=1922","title":{"rendered":"INFORM\u00c1TICA B\u00c1SICA"},"content":{"rendered":"\t\t<div data-elementor-type=\"wp-page\" data-elementor-id=\"1922\" class=\"elementor elementor-1922\">\n\t\t\t\t<div class=\"elementor-element elementor-element-0f81d45 e-flex e-con-boxed elementor-invisible e-con e-parent\" data-id=\"0f81d45\" data-element_type=\"container\" data-settings=\"{&quot;animation&quot;:&quot;bounceInDown&quot;}\">\n\t\t\t\t\t<div class=\"e-con-inner\">\n\t\t<div class=\"elementor-element elementor-element-f61e0ef e-con-full e-flex e-con e-child\" data-id=\"f61e0ef\" data-element_type=\"container\">\n\t\t\t\t<div class=\"elementor-element elementor-element-612685f elementor-widget elementor-widget-image\" data-id=\"612685f\" data-element_type=\"widget\" data-widget_type=\"image.default\">\n\t\t\t\t<div class=\"elementor-widget-container\">\n\t\t\t\t\t\t\t\t\t\t\t\t\t\t\t<img fetchpriority=\"high\" decoding=\"async\" width=\"550\" height=\"366\" src=\"https:\/\/alianzama.edu.mx\/wp-content\/uploads\/2025\/01\/INFORMATICA-BASICA.webp\" class=\"attachment-large size-large wp-image-1924\" alt=\"\" srcset=\"https:\/\/alianzama.edu.mx\/wp-content\/uploads\/2025\/01\/INFORMATICA-BASICA.webp 550w, https:\/\/alianzama.edu.mx\/wp-content\/uploads\/2025\/01\/INFORMATICA-BASICA-300x200.webp 300w\" sizes=\"(max-width: 550px) 100vw, 550px\" \/>\t\t\t\t\t\t\t\t\t\t\t\t\t\t\t<\/div>\n\t\t\t\t<\/div>\n\t\t\t\t<\/div>\n\t\t<div class=\"elementor-element elementor-element-7e86790 e-con-full e-flex e-con e-child\" data-id=\"7e86790\" data-element_type=\"container\">\n\t\t\t\t<div class=\"elementor-element elementor-element-825e498 elementor-widget elementor-widget-heading\" data-id=\"825e498\" data-element_type=\"widget\" data-widget_type=\"heading.default\">\n\t\t\t\t<div class=\"elementor-widget-container\">\n\t\t\t\t\t<h2 class=\"elementor-heading-title elementor-size-default\">INFORM\u00c1TICA B\u00c1SICA <\/h2>\t\t\t\t<\/div>\n\t\t\t\t<\/div>\n\t\t\t\t<div class=\"elementor-element elementor-element-00055cb elementor-widget elementor-widget-text-editor\" data-id=\"00055cb\" data-element_type=\"widget\" data-widget_type=\"text-editor.default\">\n\t\t\t\t<div class=\"elementor-widget-container\">\n\t\t\t\t\t\t\t\t\t<p><strong>\u00bfQuieres mejorar tus habilidades en inform\u00e1tica b\u00e1sica?<\/strong> Aprende a manejar y entender los conceptos fundamentales de la inform\u00e1tica que te permitir\u00e1n desempe\u00f1arte con confianza en un mundo cada vez m\u00e1s digital. Ya seas estudiante, profesional, emprendedor o simplemente alguien interesado en adquirir conocimientos esenciales en inform\u00e1tica, este curso es para ti. \u00a1No necesitas experiencia previa!<\/p>\t\t\t\t\t\t\t\t<\/div>\n\t\t\t\t<\/div>\n\t\t\t\t<\/div>\n\t\t\t\t\t<\/div>\n\t\t\t\t<\/div>\n\t\t<div class=\"elementor-element elementor-element-3546afe e-flex e-con-boxed elementor-invisible e-con e-parent\" data-id=\"3546afe\" data-element_type=\"container\" data-settings=\"{&quot;animation&quot;:&quot;zoomInDown&quot;}\">\n\t\t\t\t\t<div class=\"e-con-inner\">\n\t\t<div class=\"elementor-element elementor-element-e72469d e-con-full e-flex e-con e-child\" data-id=\"e72469d\" data-element_type=\"container\">\n\t\t\t\t<div class=\"elementor-element elementor-element-822198a elementor-widget-mobile__width-inherit elementor-widget elementor-widget-html\" data-id=\"822198a\" data-element_type=\"widget\" data-widget_type=\"html.default\">\n\t\t\t\t<div class=\"elementor-widget-container\">\n\t\t\t\t\t<div class=\"container\">\r\n    <div class=\"loader\"><\/div>\r\n    <div class=\"loader\"><\/div>\r\n    <div class=\"loader\"><\/div>\r\n<\/div>\r\n<style>\r\n    .loader {\r\n  position: absolute;\r\n  top: 50%;\r\n  left: 50%;\r\n  z-index: 10;\r\n  width: 200px; \/* Aumentado *\/\r\n  height: 120px; \/* Aumentado *\/\r\n  margin-left: -100px;\r\n  margin-top: -60px;\r\n  border-radius: 5px;\r\n  background: #111;\r\n  animation: dot1_ 3s cubic-bezier(0.55,0.3,0.24,0.99) infinite;\r\n}\r\n\r\n.loader:nth-child(2) {\r\n  z-index: 11;\r\n  width: 190px; \/* Aumentado *\/\r\n  height: 110px; \/* Aumentado *\/\r\n  margin-top: -55px;\r\n  margin-left: -95px;\r\n  border-radius: 3px;\r\n  background: #777;\r\n  animation-name: dot2_;\r\n}\r\n\r\n.loader:nth-child(3) {\r\n  z-index: 12;\r\n  width: 60px; \/* Aumentado *\/\r\n  height: 40px; \/* Aumentado *\/\r\n  margin-top: 60px;\r\n  margin-left: -30px;\r\n  border-radius: 0 0 5px 5px;\r\n  background: #666;\r\n  animation-name: dot3_;\r\n}\r\n\r\n@keyframes dot1_ {\r\n  3%,97% {\r\n    width: 200px;\r\n    height: 120px;\r\n    margin-top: -60px;\r\n    margin-left: -100px;\r\n  }\r\n\r\n  30%,36% {\r\n    width: 100px;\r\n    height: 140px;\r\n    margin-top: -70px;\r\n    margin-left: -50px;\r\n  }\r\n\r\n  63%,69% {\r\n    width: 60px;\r\n    height: 100px;\r\n    margin-top: -50px;\r\n    margin-left: -30px;\r\n  }\r\n}\r\n\r\n@keyframes dot2_ {\r\n  3%,97% {\r\n    height: 110px;\r\n    width: 190px;\r\n    margin-left: -95px;\r\n    margin-top: -55px;\r\n  }\r\n\r\n  30%,36% {\r\n    width: 90px;\r\n    height: 126px;\r\n    margin-left: -45px;\r\n    margin-top: -63px;\r\n  }\r\n\r\n  63%,69% {\r\n    width: 52px;\r\n    height: 80px;\r\n    margin-left: -26px;\r\n    margin-top: -40px;\r\n  }\r\n}\r\n\r\n@keyframes dot3_ {\r\n  3%,97% {\r\n    height: 40px;\r\n    width: 60px;\r\n    margin-left: -30px;\r\n    margin-top: 60px;\r\n  }\r\n\r\n  30%,36% {\r\n    width: 18px;\r\n    height: 18px;\r\n    margin-left: -9px;\r\n    margin-top: 59px;\r\n    border-radius: 8px;\r\n  }\r\n\r\n  63%,69% {\r\n    width: 20px;\r\n    height: 8px;\r\n    margin-left: -13px;\r\n    margin-top: -47px;\r\n    border-radius: 10px;\r\n  }\r\n}\r\n<\/style>\r\n\t\t\t\t<\/div>\n\t\t\t\t<\/div>\n\t\t\t\t<\/div>\n\t\t<div class=\"elementor-element elementor-element-e34bc10 e-con-full e-flex e-con e-child\" data-id=\"e34bc10\" data-element_type=\"container\">\n\t\t\t\t<div class=\"elementor-element elementor-element-7a08ac3 elementor-widget elementor-widget-heading\" data-id=\"7a08ac3\" data-element_type=\"widget\" data-widget_type=\"heading.default\">\n\t\t\t\t<div class=\"elementor-widget-container\">\n\t\t\t\t\t<h2 class=\"elementor-heading-title elementor-size-default\">\u00bfQU\u00c9 APRENDER\u00c1S?<\/h2>\t\t\t\t<\/div>\n\t\t\t\t<\/div>\n\t\t\t\t<div class=\"elementor-element elementor-element-d5f1529 elementor-widget__width-initial elementor-widget elementor-widget-text-editor\" data-id=\"d5f1529\" data-element_type=\"widget\" data-widget_type=\"text-editor.default\">\n\t\t\t\t<div class=\"elementor-widget-container\">\n\t\t\t\t\t\t\t\t\t<ul><li><p><strong>Sistemas Operativos y Software<\/strong>: Aprende a navegar y utilizar diferentes sistemas operativos y software esenciales.<\/p><\/li><li><p><strong>Hardware y Perif\u00e9ricos<\/strong>: Comprende los componentes b\u00e1sicos de una computadora y c\u00f3mo conectarlos y utilizarlos.<\/p><\/li><li><p><strong>Internet y Navegaci\u00f3n Web<\/strong>: Descubre c\u00f3mo sacar el m\u00e1ximo provecho de la web, desde la b\u00fasqueda de informaci\u00f3n hasta la seguridad en l\u00ednea.<\/p><\/li><li><p><strong>Ofim\u00e1tica<\/strong>: Domina las aplicaciones de oficina como procesadores de texto, hojas de c\u00e1lculo y presentaciones.<\/p><\/li><li><p><strong>Correo Electr\u00f3nico y Comunicaci\u00f3n Digital<\/strong>: Aprende a gestionar tu correo electr\u00f3nico y otras formas de comunicaci\u00f3n digital de manera efectiva.<\/p><\/li><li><p><strong>Seguridad Inform\u00e1tica<\/strong>: Protege tu informaci\u00f3n y mantente seguro en l\u00ednea con pr\u00e1cticas b\u00e1sicas de ciberseguridad.<\/p><\/li><li><p><strong>Resoluci\u00f3n de Problemas Comunes<\/strong>: Desarrolla habilidades para diagnosticar y solucionar problemas inform\u00e1ticos b\u00e1sicos.<\/p><\/li><\/ul>\t\t\t\t\t\t\t\t<\/div>\n\t\t\t\t<\/div>\n\t\t\t\t<\/div>\n\t\t\t\t\t<\/div>\n\t\t\t\t<\/div>\n\t\t<div class=\"elementor-element elementor-element-b1453d4 e-flex e-con-boxed elementor-invisible e-con e-parent\" data-id=\"b1453d4\" data-element_type=\"container\" data-settings=\"{&quot;animation&quot;:&quot;bounceInDown&quot;}\">\n\t\t\t\t\t<div class=\"e-con-inner\">\n\t\t<div class=\"elementor-element elementor-element-60aa4a7 e-con-full e-flex e-con e-child\" data-id=\"60aa4a7\" data-element_type=\"container\">\n\t\t\t\t<div class=\"elementor-element elementor-element-c386c22 elementor-widget elementor-widget-heading\" data-id=\"c386c22\" data-element_type=\"widget\" data-widget_type=\"heading.default\">\n\t\t\t\t<div class=\"elementor-widget-container\">\n\t\t\t\t\t<h2 class=\"elementor-heading-title elementor-size-default\">BENEFICIOS<\/h2>\t\t\t\t<\/div>\n\t\t\t\t<\/div>\n\t\t\t\t<div class=\"elementor-element elementor-element-4b0083d elementor-widget__width-initial elementor-widget elementor-widget-text-editor\" data-id=\"4b0083d\" data-element_type=\"widget\" data-widget_type=\"text-editor.default\">\n\t\t\t\t<div class=\"elementor-widget-container\">\n\t\t\t\t\t\t\t\t\t<ul><li style=\"list-style-type: none;\"><ul><li><p><strong>Mejora de la eficiencia<\/strong>: Al comprender los conceptos b\u00e1sicos de inform\u00e1tica, se puede realizar tareas m\u00e1s r\u00e1pido y de manera m\u00e1s eficiente.<\/p><\/li><li><p><strong>Facilidad de comunicaci\u00f3n<\/strong>: Permite el uso efectivo de herramientas digitales como el correo electr\u00f3nico y las redes sociales para una mejor comunicaci\u00f3n.<\/p><\/li><li><p><strong>Seguridad en l\u00ednea<\/strong>: Con conocimientos b\u00e1sicos, es m\u00e1s f\u00e1cil proteger la informaci\u00f3n personal y empresarial de amenazas digitales.<\/p><\/li><li><p><strong>Acceso a la informaci\u00f3n<\/strong>: Facilita la b\u00fasqueda y el acceso a informaci\u00f3n relevante y actualizada en l\u00ednea.<\/p><\/li><li><p><strong>Productividad<\/strong>: Herramientas de ofim\u00e1tica como procesadores de texto y hojas de c\u00e1lculo ayudan a organizar y gestionar el trabajo de manera m\u00e1s efectiva.<\/p><\/li><li><p><strong>Soluci\u00f3n de problemas<\/strong>: Desarrolla habilidades para diagnosticar y resolver problemas comunes de inform\u00e1tica, evitando tiempos de inactividad.<\/p><\/li><\/ul><\/li><\/ul>\t\t\t\t\t\t\t\t<\/div>\n\t\t\t\t<\/div>\n\t\t\t\t<\/div>\n\t\t<div class=\"elementor-element elementor-element-27a77b5 e-con-full e-flex e-con e-child\" data-id=\"27a77b5\" data-element_type=\"container\">\n\t\t\t\t<div class=\"elementor-element elementor-element-5ac3306 elementor-widget elementor-widget-image\" data-id=\"5ac3306\" data-element_type=\"widget\" data-widget_type=\"image.default\">\n\t\t\t\t<div class=\"elementor-widget-container\">\n\t\t\t\t\t\t\t\t\t\t\t\t\t\t\t<img decoding=\"async\" width=\"1024\" height=\"696\" data-src=\"https:\/\/alianzama.edu.mx\/wp-content\/uploads\/2025\/01\/historia-de-la-informatica-scaled-1-e1736457623815-1024x696.webp\" class=\"attachment-large size-large wp-image-1926 lazyload\" alt=\"\" data-srcset=\"https:\/\/alianzama.edu.mx\/wp-content\/uploads\/2025\/01\/historia-de-la-informatica-scaled-1-e1736457623815-1024x696.webp 1024w, https:\/\/alianzama.edu.mx\/wp-content\/uploads\/2025\/01\/historia-de-la-informatica-scaled-1-e1736457623815-300x204.webp 300w, https:\/\/alianzama.edu.mx\/wp-content\/uploads\/2025\/01\/historia-de-la-informatica-scaled-1-e1736457623815-768x522.webp 768w, https:\/\/alianzama.edu.mx\/wp-content\/uploads\/2025\/01\/historia-de-la-informatica-scaled-1-e1736457623815-1536x1044.webp 1536w, https:\/\/alianzama.edu.mx\/wp-content\/uploads\/2025\/01\/historia-de-la-informatica-scaled-1-e1736457623815-1589x1080.webp 1589w, https:\/\/alianzama.edu.mx\/wp-content\/uploads\/2025\/01\/historia-de-la-informatica-scaled-1-e1736457623815.webp 1844w\" data-sizes=\"(max-width: 1024px) 100vw, 1024px\" src=\"data:image\/gif;base64,R0lGODlhAQABAAAAACH5BAEKAAEALAAAAAABAAEAAAICTAEAOw==\" style=\"--smush-placeholder-width: 1024px; --smush-placeholder-aspect-ratio: 1024\/696;\" \/>\t\t\t\t\t\t\t\t\t\t\t\t\t\t\t<\/div>\n\t\t\t\t<\/div>\n\t\t\t\t<\/div>\n\t\t\t\t\t<\/div>\n\t\t\t\t<\/div>\n\t\t<div class=\"elementor-element elementor-element-03cdfdd e-flex e-con-boxed elementor-invisible e-con e-parent\" data-id=\"03cdfdd\" data-element_type=\"container\" data-settings=\"{&quot;animation&quot;:&quot;zoomInRight&quot;}\">\n\t\t\t\t\t<div class=\"e-con-inner\">\n\t\t\t\t<div class=\"elementor-element elementor-element-2ff15bb elementor-widget elementor-widget-heading\" data-id=\"2ff15bb\" data-element_type=\"widget\" data-widget_type=\"heading.default\">\n\t\t\t\t<div class=\"elementor-widget-container\">\n\t\t\t\t\t<h2 class=\"elementor-heading-title elementor-size-default\">PREGUNTAS FRECUENTES<\/h2>\t\t\t\t<\/div>\n\t\t\t\t<\/div>\n\t\t\t\t<div class=\"elementor-element elementor-element-bccd752 elementor-widget-mobile__width-inherit elementor-widget elementor-widget-n-accordion\" data-id=\"bccd752\" data-element_type=\"widget\" data-settings=\"{&quot;default_state&quot;:&quot;expanded&quot;,&quot;max_items_expended&quot;:&quot;one&quot;,&quot;n_accordion_animation_duration&quot;:{&quot;unit&quot;:&quot;ms&quot;,&quot;size&quot;:400,&quot;sizes&quot;:[]}}\" data-widget_type=\"nested-accordion.default\">\n\t\t\t\t<div class=\"elementor-widget-container\">\n\t\t\t\t\t\t\t<div class=\"e-n-accordion\" aria-label=\"Accordion. Open links with Enter or Space, close with Escape, and navigate with Arrow Keys\">\n\t\t\t\t\t\t<details id=\"e-n-accordion-item-1970\" class=\"e-n-accordion-item\" open>\n\t\t\t\t<summary class=\"e-n-accordion-item-title\" data-accordion-index=\"1\" tabindex=\"0\" aria-expanded=\"true\" aria-controls=\"e-n-accordion-item-1970\" >\n\t\t\t\t\t<span class='e-n-accordion-item-title-header'><div class=\"e-n-accordion-item-title-text\"> \u00bfQu\u00e9 es la inform\u00e1tica b\u00e1sica? <\/div><\/span>\n\t\t\t\t\t\t\t<span class='e-n-accordion-item-title-icon'>\n\t\t\t<span class='e-opened' ><svg aria-hidden=\"true\" class=\"e-font-icon-svg e-fas-minus\" viewBox=\"0 0 448 512\" xmlns=\"http:\/\/www.w3.org\/2000\/svg\"><path d=\"M416 208H32c-17.67 0-32 14.33-32 32v32c0 17.67 14.33 32 32 32h384c17.67 0 32-14.33 32-32v-32c0-17.67-14.33-32-32-32z\"><\/path><\/svg><\/span>\n\t\t\t<span class='e-closed'><svg aria-hidden=\"true\" class=\"e-font-icon-svg e-fas-plus\" viewBox=\"0 0 448 512\" xmlns=\"http:\/\/www.w3.org\/2000\/svg\"><path d=\"M416 208H272V64c0-17.67-14.33-32-32-32h-32c-17.67 0-32 14.33-32 32v144H32c-17.67 0-32 14.33-32 32v32c0 17.67 14.33 32 32 32h144v144c0 17.67 14.33 32 32 32h32c17.67 0 32-14.33 32-32V304h144c17.67 0 32-14.33 32-32v-32c0-17.67-14.33-32-32-32z\"><\/path><\/svg><\/span>\n\t\t<\/span>\n\n\t\t\t\t\t\t<\/summary>\n\t\t\t\t<div role=\"region\" aria-labelledby=\"e-n-accordion-item-1970\" class=\"elementor-element elementor-element-291c5dd e-con-full e-flex e-con e-child\" data-id=\"291c5dd\" data-element_type=\"container\">\n\t\t\t\t<div class=\"elementor-element elementor-element-0246f5c elementor-widget elementor-widget-text-editor\" data-id=\"0246f5c\" data-element_type=\"widget\" data-widget_type=\"text-editor.default\">\n\t\t\t\t<div class=\"elementor-widget-container\">\n\t\t\t\t\t\t\t\t\t<div tabindex=\"0\" role=\"article\" data-tabster=\"{&quot;groupper&quot;:{&quot;tabbability&quot;:2},&quot;focusable&quot;:{}}\" data-content=\"ai-message\" aria-labelledby=\"qF5scwDiKEbna3nLC3VUY-author} qF5scwDiKEbna3nLC3VUY-content-0\"><div id=\"qF5scwDiKEbna3nLC3VUY-content-0\"><p>La inform\u00e1tica b\u00e1sica abarca el conjunto de conocimientos fundamentales necesarios para utilizar tecnolog\u00edas de la informaci\u00f3n y comunicaci\u00f3n, incluyendo el manejo de sistemas operativos, hardware, software, navegaci\u00f3n web, correo electr\u00f3nico y seguridad inform\u00e1tica. Estos conocimientos permiten a las personas desenvolverse de manera eficiente en un entorno digital, mejorando su productividad, comunicaci\u00f3n y acceso a la informaci\u00f3n.<\/p><\/div><\/div><p>\u00a0<\/p>\t\t\t\t\t\t\t\t<\/div>\n\t\t\t\t<\/div>\n\t\t\t\t<\/div>\n\t\t\t\t\t<\/details>\n\t\t\t\t\t\t<details id=\"e-n-accordion-item-1971\" class=\"e-n-accordion-item\" >\n\t\t\t\t<summary class=\"e-n-accordion-item-title\" data-accordion-index=\"2\" tabindex=\"-1\" aria-expanded=\"false\" aria-controls=\"e-n-accordion-item-1971\" >\n\t\t\t\t\t<span class='e-n-accordion-item-title-header'><div class=\"e-n-accordion-item-title-text\"> \u00bfPor qu\u00e9 es importante aprender inform\u00e1tica b\u00e1sica? <\/div><\/span>\n\t\t\t\t\t\t\t<span class='e-n-accordion-item-title-icon'>\n\t\t\t<span class='e-opened' ><svg aria-hidden=\"true\" class=\"e-font-icon-svg e-fas-minus\" viewBox=\"0 0 448 512\" xmlns=\"http:\/\/www.w3.org\/2000\/svg\"><path d=\"M416 208H32c-17.67 0-32 14.33-32 32v32c0 17.67 14.33 32 32 32h384c17.67 0 32-14.33 32-32v-32c0-17.67-14.33-32-32-32z\"><\/path><\/svg><\/span>\n\t\t\t<span class='e-closed'><svg aria-hidden=\"true\" class=\"e-font-icon-svg e-fas-plus\" viewBox=\"0 0 448 512\" xmlns=\"http:\/\/www.w3.org\/2000\/svg\"><path d=\"M416 208H272V64c0-17.67-14.33-32-32-32h-32c-17.67 0-32 14.33-32 32v144H32c-17.67 0-32 14.33-32 32v32c0 17.67 14.33 32 32 32h144v144c0 17.67 14.33 32 32 32h32c17.67 0 32-14.33 32-32V304h144c17.67 0 32-14.33 32-32v-32c0-17.67-14.33-32-32-32z\"><\/path><\/svg><\/span>\n\t\t<\/span>\n\n\t\t\t\t\t\t<\/summary>\n\t\t\t\t<div role=\"region\" aria-labelledby=\"e-n-accordion-item-1971\" class=\"elementor-element elementor-element-0726f45 e-con-full e-flex e-con e-child\" data-id=\"0726f45\" data-element_type=\"container\">\n\t\t\t\t<div class=\"elementor-element elementor-element-2211564 elementor-widget elementor-widget-text-editor\" data-id=\"2211564\" data-element_type=\"widget\" data-widget_type=\"text-editor.default\">\n\t\t\t\t<div class=\"elementor-widget-container\">\n\t\t\t\t\t\t\t\t\t<div tabindex=\"0\" role=\"article\" data-tabster=\"{&quot;groupper&quot;:{&quot;tabbability&quot;:2},&quot;focusable&quot;:{}}\" data-content=\"ai-message\" aria-labelledby=\"UYv4LBcQGwdXRXe2FtHNm-author} UYv4LBcQGwdXRXe2FtHNm-content-0\"><div id=\"UYv4LBcQGwdXRXe2FtHNm-content-0\"><p>Aprender inform\u00e1tica b\u00e1sica es esencial en el mundo actual por varias razones. Primero, mejora la eficiencia y productividad al permitirnos utilizar herramientas digitales de manera efectiva. Segundo, facilita la comunicaci\u00f3n y colaboraci\u00f3n, ya que muchas interacciones laborales y sociales se realizan en l\u00ednea. Adem\u00e1s, la inform\u00e1tica b\u00e1sica nos brinda las habilidades necesarias para proteger nuestra informaci\u00f3n personal y profesional en un entorno digital. Tambi\u00e9n nos permite acceder y gestionar informaci\u00f3n f\u00e1cilmente, lo que es crucial para tomar decisiones informadas. En resumen, dominar la inform\u00e1tica b\u00e1sica nos ayuda a ser m\u00e1s competentes, seguros y conectados en la era digital.<\/p><\/div><\/div><p>\u00a0<\/p>\t\t\t\t\t\t\t\t<\/div>\n\t\t\t\t<\/div>\n\t\t\t\t<\/div>\n\t\t\t\t\t<\/details>\n\t\t\t\t\t\t<details id=\"e-n-accordion-item-1972\" class=\"e-n-accordion-item\" >\n\t\t\t\t<summary class=\"e-n-accordion-item-title\" data-accordion-index=\"3\" tabindex=\"-1\" aria-expanded=\"false\" aria-controls=\"e-n-accordion-item-1972\" >\n\t\t\t\t\t<span class='e-n-accordion-item-title-header'><div class=\"e-n-accordion-item-title-text\"> \u00bfNecesito conocimientos previos para inscribirme? <\/div><\/span>\n\t\t\t\t\t\t\t<span class='e-n-accordion-item-title-icon'>\n\t\t\t<span class='e-opened' ><svg aria-hidden=\"true\" class=\"e-font-icon-svg e-fas-minus\" viewBox=\"0 0 448 512\" xmlns=\"http:\/\/www.w3.org\/2000\/svg\"><path d=\"M416 208H32c-17.67 0-32 14.33-32 32v32c0 17.67 14.33 32 32 32h384c17.67 0 32-14.33 32-32v-32c0-17.67-14.33-32-32-32z\"><\/path><\/svg><\/span>\n\t\t\t<span class='e-closed'><svg aria-hidden=\"true\" class=\"e-font-icon-svg e-fas-plus\" viewBox=\"0 0 448 512\" xmlns=\"http:\/\/www.w3.org\/2000\/svg\"><path d=\"M416 208H272V64c0-17.67-14.33-32-32-32h-32c-17.67 0-32 14.33-32 32v144H32c-17.67 0-32 14.33-32 32v32c0 17.67 14.33 32 32 32h144v144c0 17.67 14.33 32 32 32h32c17.67 0 32-14.33 32-32V304h144c17.67 0 32-14.33 32-32v-32c0-17.67-14.33-32-32-32z\"><\/path><\/svg><\/span>\n\t\t<\/span>\n\n\t\t\t\t\t\t<\/summary>\n\t\t\t\t<div role=\"region\" aria-labelledby=\"e-n-accordion-item-1972\" class=\"elementor-element elementor-element-ea80679 e-con-full e-flex e-con e-child\" data-id=\"ea80679\" data-element_type=\"container\">\n\t\t\t\t<div class=\"elementor-element elementor-element-2ac0f3c elementor-widget elementor-widget-text-editor\" data-id=\"2ac0f3c\" data-element_type=\"widget\" data-widget_type=\"text-editor.default\">\n\t\t\t\t<div class=\"elementor-widget-container\">\n\t\t\t\t\t\t\t\t\t<div tabindex=\"0\" role=\"article\" data-tabster=\"{&quot;groupper&quot;:{&quot;tabbability&quot;:2},&quot;focusable&quot;:{}}\" data-content=\"ai-message\" aria-labelledby=\"QKsNWCeJZM3enCMhB9WSh-author} QKsNWCeJZM3enCMhB9WSh-content-0\"><div id=\"QKsNWCeJZM3enCMhB9WSh-content-0\"><p>No, no necesitas conocimientos previos para inscribirte en nuestro curso de inform\u00e1tica b\u00e1sica. El curso est\u00e1 dise\u00f1ado para personas de todos los niveles, desde principiantes absolutos hasta aquellos que desean reforzar sus conocimientos existentes. Te guiaremos paso a paso a trav\u00e9s de los conceptos fundamentales de la inform\u00e1tica, asegur\u00e1ndonos de que adquieras las habilidades necesarias para desenvolverte con confianza en el mundo digital. Nuestro enfoque pr\u00e1ctico y accesible te permitir\u00e1 aprender de manera efectiva, sin importar tu experiencia previa. \u00a1\u00danete a nosotros y comienza tu viaje hacia la alfabetizaci\u00f3n digital hoy mismo!<\/p><\/div><\/div><p>\u00a0<\/p>\t\t\t\t\t\t\t\t<\/div>\n\t\t\t\t<\/div>\n\t\t\t\t<\/div>\n\t\t\t\t\t<\/details>\n\t\t\t\t\t<\/div>\n\t\t\t\t\t\t<\/div>\n\t\t\t\t<\/div>\n\t\t\t\t\t<\/div>\n\t\t\t\t<\/div>\n\t\t<div class=\"elementor-element elementor-element-0b71cd2 e-con-full e-flex e-con e-parent\" data-id=\"0b71cd2\" data-element_type=\"container\">\n\t\t\t\t<div class=\"elementor-element elementor-element-19a9b0b elementor-widget__width-inherit elementor-widget elementor-widget-html\" data-id=\"19a9b0b\" data-element_type=\"widget\" data-widget_type=\"html.default\">\n\t\t\t\t<div class=\"elementor-widget-container\">\n\t\t\t\t\t<!DOCTYPE html>\r\n<html lang=\"es\">\r\n<head>\r\n    <meta charset=\"UTF-8\">\r\n    <meta name=\"viewport\" content=\"width=device-width, initial-scale=1.0\">\r\n    <title>Pie de P\u00e1gina<\/title>\r\n    <link rel=\"stylesheet\" href=\"https:\/\/cdnjs.cloudflare.com\/ajax\/libs\/font-awesome\/5.15.3\/css\/all.min.css\">\r\n    <style>\r\n        .caja {\r\n            background-color: #111;\r\n            color: white;\r\n            padding: 20px 0;\r\n            text-align: center;\r\n            display: flex;\r\n            flex-wrap: wrap;\r\n            flex: 1;\r\n        }\r\n        .cajas {\r\n            flex: 1;\r\n            min-width:250PX;\r\n            margin: 10px;\r\n            padding: 10px;\r\n            background-color: #222;\r\n            border-radius: 5px;\r\n            box-sizing: border-box;\r\n        }\r\n        .cajat{\r\n        margin: auto\r\n        }\r\n        .cajas .Tcajas {\r\n            margin-top: 0;\r\n            font-size: 1.2em;\r\n            color: rgb(228, 228, 228);\r\n        }\r\n        .cajas .pcajas   {\r\n            margin: 5px 0;\r\n            font-size: 1em;\r\n        }\r\n        .cajas i {\r\n            font-size: 2em;\r\n            margin-bottom: 10px;\r\n        }\r\n\r\n        .footer-content.center-xs{\r\n            background-color: #111\r\n        }\r\n        .hero-title{\r\n            font-weight: 500 !important;\r\n        i{\r\n            font-family: Sans-Serif\r\n        }\r\n    <\/style>\r\n<\/head>\r\n<body>\r\n    <!-- Otros contenidos de la p\u00e1gina -->\r\n\r\n    <footer class=\"caja\">\r\n        <div class=\"cajat\">\r\n            <img decoding=\"async\" data-src=\"https:\/\/alianzama.edu.mx\/wp-content\/uploads\/2021\/04\/LOGOTRANS.png\" width=\"250px\" src=\"data:image\/gif;base64,R0lGODlhAQABAAAAACH5BAEKAAEALAAAAAABAAEAAAICTAEAOw==\" class=\"lazyload\" style=\"--smush-placeholder-width: 1366px; --smush-placeholder-aspect-ratio: 1366\/768;\">\r\n        <\/div>\r\n        <div class=\"cajas\">\r\n            <i class=\"fas fa-phone-alt\"><\/i>\r\n            <h3 class=\"Tcajas\">Tel\u00e9fono<\/h3>\r\n            <p class=\"pcajas\">Campus Tlaxiaco: (953) 2397626<\/p>\r\n            <hr>\r\n            <p>Campus Pinotepa: (954) 206 1910 <br>(953) 229 5158<\/p>\r\n        <\/div>\r\n        <div class=\"cajas\">\r\n            <i class=\"fas fa-envelope\"><\/i>\r\n            <h3 class=\"Tcajas\">Correo Electr\u00f3nico<\/h3>\r\n            <p class=\"pcajas\">isiama.20361ctlaxiaco@gmail.com<\/p>\r\n            <hr>\r\n            <p class=\"pcajas\">isiama.pinotepa.20361@gmail.com<\/p>\r\n        <\/div>\r\n        <div class=\"cajas\">\r\n            <i class=\"fas fa-map-marker-alt\"><\/i>\r\n            <h3 class=\"Tcajas\">Ubicaci\u00f3n<\/h3>\r\n            <p class=\"pcajas\">Calle Tercera Ote. 105, Centro, 71600 Santiago Pinotepa Nacional, Oax., M\u00e9xico<\/p>\r\n        <\/div>\r\n    <\/footer>\r\n<\/body>\r\n<\/html>\t\t\t\t<\/div>\n\t\t\t\t<\/div>\n\t\t\t\t<\/div>\n\t\t\t\t<\/div>\n\t\t","protected":false},"excerpt":{"rendered":"<p>INFORM\u00c1TICA B\u00c1SICA \u00bfQuieres mejorar tus habilidades en inform\u00e1tica b\u00e1sica? Aprende a manejar y entender los conceptos fundamentales de la inform\u00e1tica que te permitir\u00e1n desempe\u00f1arte con confianza en un mundo cada&hellip; <br \/> <a class=\"read-more\" href=\"https:\/\/alianzama.edu.mx\/?page_id=1922\">Leer m\u00e1s<\/a><\/p>\n","protected":false},"author":2,"featured_media":0,"parent":0,"menu_order":0,"comment_status":"closed","ping_status":"closed","template":"elementor_header_footer","meta":{"footnotes":""},"class_list":["post-1922","page","type-page","status-publish","hentry"],"_links":{"self":[{"href":"https:\/\/alianzama.edu.mx\/index.php?rest_route=\/wp\/v2\/pages\/1922","targetHints":{"allow":["GET"]}}],"collection":[{"href":"https:\/\/alianzama.edu.mx\/index.php?rest_route=\/wp\/v2\/pages"}],"about":[{"href":"https:\/\/alianzama.edu.mx\/index.php?rest_route=\/wp\/v2\/types\/page"}],"author":[{"embeddable":true,"href":"https:\/\/alianzama.edu.mx\/index.php?rest_route=\/wp\/v2\/users\/2"}],"replies":[{"embeddable":true,"href":"https:\/\/alianzama.edu.mx\/index.php?rest_route=%2Fwp%2Fv2%2Fcomments&post=1922"}],"version-history":[{"count":7,"href":"https:\/\/alianzama.edu.mx\/index.php?rest_route=\/wp\/v2\/pages\/1922\/revisions"}],"predecessor-version":[{"id":1953,"href":"https:\/\/alianzama.edu.mx\/index.php?rest_route=\/wp\/v2\/pages\/1922\/revisions\/1953"}],"wp:attachment":[{"href":"https:\/\/alianzama.edu.mx\/index.php?rest_route=%2Fwp%2Fv2%2Fmedia&parent=1922"}],"curies":[{"name":"wp","href":"https:\/\/api.w.org\/{rel}","templated":true}]}}