{"id":1821,"date":"2025-01-05T17:31:10","date_gmt":"2025-01-05T17:31:10","guid":{"rendered":"https:\/\/alianzama.edu.mx\/?page_id=1821"},"modified":"2025-01-06T18:31:29","modified_gmt":"2025-01-06T18:31:29","slug":"ingles-infantil","status":"publish","type":"page","link":"https:\/\/alianzama.edu.mx\/?page_id=1821","title":{"rendered":"Ingl\u00e9s infantil"},"content":{"rendered":"\t\t<div data-elementor-type=\"wp-page\" data-elementor-id=\"1821\" class=\"elementor elementor-1821\">\n\t\t\t\t<div class=\"elementor-element elementor-element-9d4e36a e-con-full e-flex e-con e-parent\" data-id=\"9d4e36a\" data-element_type=\"container\">\n\t\t\t\t<div class=\"elementor-element elementor-element-5968aa0 elementor-widget__width-inherit elementor-widget elementor-widget-text-editor\" data-id=\"5968aa0\" data-element_type=\"widget\" data-widget_type=\"text-editor.default\">\n\t\t\t\t<div class=\"elementor-widget-container\">\n\t\t\t\t\t\t\t\t\t<h1><span style=\"text-decoration: underline;\"><strong><span style=\"color: #000000;\"><i>PROGRAMA INFANTIL <span style=\"color: #0000ff; text-decoration: underline;\">K<\/span><span style=\"color: #ff6600; text-decoration: underline;\">I<\/span><span style=\"color: #cc99ff; text-decoration: underline;\">D<\/span><span style=\"color: #ffff00; text-decoration: underline;\">S<\/span> &amp; <span style=\"color: #ff9900; text-decoration: underline;\">J<\/span><span style=\"color: #00ffff; text-decoration: underline;\">U<\/span><span style=\"color: #0000ff; text-decoration: underline;\">N<\/span><span style=\"color: #ff0000; text-decoration: underline;\">I<\/span><span style=\"color: #ffff00; text-decoration: underline;\">O<\/span><span style=\"color: #999999; text-decoration: underline;\">R<\/span><span style=\"color: #ff6600; text-decoration: underline;\">S<\/span><\/i><\/span><\/strong><\/span><\/h1><h3 style=\"text-align: center;\"><strong>De 2do de preescolar a quinto de primaria\u00a0<\/strong><\/h3>\t\t\t\t\t\t\t\t<\/div>\n\t\t\t\t<\/div>\n\t\t\t\t<div class=\"elementor-element elementor-element-8ed063b elementor-widget elementor-widget-heading\" data-id=\"8ed063b\" data-element_type=\"widget\" data-widget_type=\"heading.default\">\n\t\t\t\t<div class=\"elementor-widget-container\">\n\t\t\t\t\t<h2 class=\"elementor-heading-title elementor-size-default\">LET\u2019S START<\/h2>\t\t\t\t<\/div>\n\t\t\t\t<\/div>\n\t\t<div class=\"elementor-element elementor-element-60df37f e-grid e-con-full e-con e-child\" data-id=\"60df37f\" data-element_type=\"container\">\n\t\t<div class=\"elementor-element elementor-element-751d677 e-con-full e-flex e-con e-child\" data-id=\"751d677\" data-element_type=\"container\">\n\t\t\t\t<div class=\"elementor-element elementor-element-e9bbe0a elementor-widget elementor-widget-text-editor\" data-id=\"e9bbe0a\" data-element_type=\"widget\" data-widget_type=\"text-editor.default\">\n\t\t\t\t<div class=\"elementor-widget-container\">\n\t\t\t\t\t\t\t\t\t<p><span style=\"color: #000000;\"><b>Es el programa ideal para iniciar a adquirir sonidos, vocabulario ya conocido en su propia lengua y empezar a expresar sus primeras ideas describiendo el mundo que lo rodea.<\/b><\/span><\/p>\t\t\t\t\t\t\t\t<\/div>\n\t\t\t\t<\/div>\n\t\t\t\t<div class=\"elementor-element elementor-element-ee9c13a elementor-widget elementor-widget-image\" data-id=\"ee9c13a\" data-element_type=\"widget\" data-widget_type=\"image.default\">\n\t\t\t\t<div class=\"elementor-widget-container\">\n\t\t\t\t\t\t\t\t\t\t\t\t\t\t\t<img fetchpriority=\"high\" decoding=\"async\" width=\"406\" height=\"247\" src=\"https:\/\/alianzama.edu.mx\/wp-content\/uploads\/2025\/01\/2_20250105_121148_0000.png\" class=\"attachment-large size-large wp-image-1828\" alt=\"\" srcset=\"https:\/\/alianzama.edu.mx\/wp-content\/uploads\/2025\/01\/2_20250105_121148_0000.png 406w, https:\/\/alianzama.edu.mx\/wp-content\/uploads\/2025\/01\/2_20250105_121148_0000-300x183.png 300w\" sizes=\"(max-width: 406px) 100vw, 406px\" \/>\t\t\t\t\t\t\t\t\t\t\t\t\t\t\t<\/div>\n\t\t\t\t<\/div>\n\t\t\t\t<\/div>\n\t\t<div class=\"elementor-element elementor-element-92b763b e-con-full e-flex e-con e-child\" data-id=\"92b763b\" data-element_type=\"container\">\n\t\t\t\t<div class=\"elementor-element elementor-element-c4ca728 elementor-widget elementor-widget-text-editor\" data-id=\"c4ca728\" data-element_type=\"widget\" data-widget_type=\"text-editor.default\">\n\t\t\t\t<div class=\"elementor-widget-container\">\n\t\t\t\t\t\t\t\t\t<p><span style=\"color: #000000;\"><strong><em>En esta fase de adquisici\u00f3n y desarrollo de habilidades en el idioma, los ni\u00f1os identifican lo que se dice, siguen instrucciones y responden a preguntas simples.<\/em><\/strong><\/span><\/p>\t\t\t\t\t\t\t\t<\/div>\n\t\t\t\t<\/div>\n\t\t\t\t<div class=\"elementor-element elementor-element-d1b4584 elementor-widget elementor-widget-image\" data-id=\"d1b4584\" data-element_type=\"widget\" data-widget_type=\"image.default\">\n\t\t\t\t<div class=\"elementor-widget-container\">\n\t\t\t\t\t\t\t\t\t\t\t\t\t\t\t<img decoding=\"async\" width=\"244\" height=\"148\" data-src=\"https:\/\/alianzama.edu.mx\/wp-content\/uploads\/2025\/01\/2_20250105_121011_0000.png\" class=\"attachment-large size-large wp-image-1827 lazyload\" alt=\"\" src=\"data:image\/gif;base64,R0lGODlhAQABAAAAACH5BAEKAAEALAAAAAABAAEAAAICTAEAOw==\" style=\"--smush-placeholder-width: 244px; --smush-placeholder-aspect-ratio: 244\/148;\" \/>\t\t\t\t\t\t\t\t\t\t\t\t\t\t\t<\/div>\n\t\t\t\t<\/div>\n\t\t\t\t<\/div>\n\t\t<div class=\"elementor-element elementor-element-f7f5e76 e-con-full e-flex e-con e-child\" data-id=\"f7f5e76\" data-element_type=\"container\">\n\t\t\t\t<div class=\"elementor-element elementor-element-68a0968 elementor-widget elementor-widget-text-editor\" data-id=\"68a0968\" data-element_type=\"widget\" data-widget_type=\"text-editor.default\">\n\t\t\t\t<div class=\"elementor-widget-container\">\n\t\t\t\t\t\t\t\t\t<p><b>Lo que permite el avance progresivo, construyendo bases firmes para incrementar contenidos.<\/b><\/p>\t\t\t\t\t\t\t\t<\/div>\n\t\t\t\t<\/div>\n\t\t\t\t<div class=\"elementor-element elementor-element-62255f5 elementor-widget elementor-widget-image\" data-id=\"62255f5\" data-element_type=\"widget\" data-widget_type=\"image.default\">\n\t\t\t\t<div class=\"elementor-widget-container\">\n\t\t\t\t\t\t\t\t\t\t\t\t\t\t\t<img decoding=\"async\" width=\"416\" height=\"253\" data-src=\"https:\/\/alianzama.edu.mx\/wp-content\/uploads\/2025\/01\/2_20250105_122535_0000.png\" class=\"attachment-large size-large wp-image-1833 lazyload\" alt=\"\" data-srcset=\"https:\/\/alianzama.edu.mx\/wp-content\/uploads\/2025\/01\/2_20250105_122535_0000.png 416w, https:\/\/alianzama.edu.mx\/wp-content\/uploads\/2025\/01\/2_20250105_122535_0000-300x182.png 300w\" data-sizes=\"(max-width: 416px) 100vw, 416px\" src=\"data:image\/gif;base64,R0lGODlhAQABAAAAACH5BAEKAAEALAAAAAABAAEAAAICTAEAOw==\" style=\"--smush-placeholder-width: 416px; --smush-placeholder-aspect-ratio: 416\/253;\" \/>\t\t\t\t\t\t\t\t\t\t\t\t\t\t\t<\/div>\n\t\t\t\t<\/div>\n\t\t\t\t<\/div>\n\t\t\t\t<\/div>\n\t\t\t\t<div class=\"elementor-element elementor-element-d3b6a91 elementor-widget__width-inherit elementor-widget elementor-widget-html\" data-id=\"d3b6a91\" data-element_type=\"widget\" data-widget_type=\"html.default\">\n\t\t\t\t<div class=\"elementor-widget-container\">\n\t\t\t\t\t<!DOCTYPE html>\r\n<html lang=\"es\">\r\n<head>\r\n    <meta charset=\"UTF-8\">\r\n    <meta name=\"viewport\" content=\"width=device-width, initial-scale=1.0\">\r\n    <title>Pie de P\u00e1gina<\/title>\r\n    <link rel=\"stylesheet\" href=\"https:\/\/cdnjs.cloudflare.com\/ajax\/libs\/font-awesome\/5.15.3\/css\/all.min.css\">\r\n    <style>\r\n        .caja {\r\n            background-color: #111;\r\n            color: white;\r\n            padding: 20px 0;\r\n            text-align: center;\r\n            display: flex;\r\n            flex-wrap: wrap;\r\n            flex: 1;\r\n        }\r\n        .cajas {\r\n            flex: 1;\r\n            min-width:250PX;\r\n            margin: 10px;\r\n            padding: 10px;\r\n            background-color: #222;\r\n            border-radius: 5px;\r\n            box-sizing: border-box;\r\n        }\r\n        .cajat{\r\n        margin: auto\r\n        }\r\n        .cajas .Tcajas {\r\n            margin-top: 0;\r\n            font-size: 1.2em;\r\n            color: rgb(228, 228, 228);\r\n        }\r\n        .cajas .pcajas   {\r\n            margin: 5px 0;\r\n            font-size: 1em;\r\n        }\r\n        .cajas i {\r\n            font-size: 2em;\r\n            margin-bottom: 10px;\r\n        }\r\n\r\n        .footer-content.center-xs{\r\n            background-color: #111\r\n        }\r\n        .hero-title{\r\n            font-weight: 500 !important;\r\n        i{\r\n            font-family: Sans-Serif\r\n        }\r\n    <\/style>\r\n<\/head>\r\n<body>\r\n    <!-- Otros contenidos de la p\u00e1gina -->\r\n\r\n    <footer class=\"caja\">\r\n        <div class=\"cajat\">\r\n            <img decoding=\"async\" data-src=\"https:\/\/alianzama.edu.mx\/wp-content\/uploads\/2021\/04\/LOGOTRANS.png\" width=\"250px\" src=\"data:image\/gif;base64,R0lGODlhAQABAAAAACH5BAEKAAEALAAAAAABAAEAAAICTAEAOw==\" class=\"lazyload\" style=\"--smush-placeholder-width: 1366px; --smush-placeholder-aspect-ratio: 1366\/768;\">\r\n        <\/div>\r\n        <div class=\"cajas\">\r\n            <i class=\"fas fa-phone-alt\"><\/i>\r\n            <h3 class=\"Tcajas\">Tel\u00e9fono<\/h3>\r\n            <p class=\"pcajas\">Campus Tlaxiaco: (953) 2397626<\/p>\r\n            <hr>\r\n            <p>Campus Pinotepa: (954) 206 1910 <br>(953) 229 5158<\/p>\r\n        <\/div>\r\n        <div class=\"cajas\">\r\n            <i class=\"fas fa-envelope\"><\/i>\r\n            <h3 class=\"Tcajas\">Correo Electr\u00f3nico<\/h3>\r\n            <p class=\"pcajas\">isiama.20361ctlaxiaco@gmail.com<\/p>\r\n            <hr>\r\n            <p class=\"pcajas\">isiama.pinotepa.20361@gmail.com<\/p>\r\n        <\/div>\r\n        <div class=\"cajas\">\r\n            <i class=\"fas fa-map-marker-alt\"><\/i>\r\n            <h3 class=\"Tcajas\">Ubicaci\u00f3n<\/h3>\r\n            <p class=\"pcajas\">Calle Tercera Ote. 105, Centro, 71600 Santiago Pinotepa Nacional, Oax., M\u00e9xico<\/p>\r\n        <\/div>\r\n    <\/footer>\r\n<\/body>\r\n<\/html>\t\t\t\t<\/div>\n\t\t\t\t<\/div>\n\t\t\t\t<div class=\"elementor-element elementor-element-ba84726 elementor-widget elementor-widget-heading\" data-id=\"ba84726\" data-element_type=\"widget\" data-widget_type=\"heading.default\">\n\t\t\t\t<div class=\"elementor-widget-container\">\n\t\t\t\t\t<h2 class=\"elementor-heading-title elementor-size-default\">LET\u2019S MOVE ON AND GO FOR MORE<\/h2>\t\t\t\t<\/div>\n\t\t\t\t<\/div>\n\t\t<div class=\"elementor-element elementor-element-21cf6db e-grid e-con-full e-con e-child\" data-id=\"21cf6db\" data-element_type=\"container\">\n\t\t\t\t<div class=\"elementor-element elementor-element-99d7493 elementor-widget elementor-widget-text-editor\" data-id=\"99d7493\" data-element_type=\"widget\" data-widget_type=\"text-editor.default\">\n\t\t\t\t<div class=\"elementor-widget-container\">\n\t\t\t\t\t\t\t\t\t<p><strong><span class=\"OYPEnA font-feature-liga-off font-feature-clig-off font-feature-calt-off text-decoration-none text-strikethrough-none\">El segundo paso de nuestro programa infantil tiene la finalidad de proveer la confianza de expresar, hacer, experimentar y disfrutar de aprender frases para hablar acerca de actividades cotidianas en el \u00e1mbito; familiar, social y educativo.<\/span><\/strong><\/p>\t\t\t\t\t\t\t\t<\/div>\n\t\t\t\t<\/div>\n\t\t\t\t<div class=\"elementor-element elementor-element-57d35d0 elementor-widget elementor-widget-text-editor\" data-id=\"57d35d0\" data-element_type=\"widget\" data-widget_type=\"text-editor.default\">\n\t\t\t\t<div class=\"elementor-widget-container\">\n\t\t\t\t\t\t\t\t\t<p><strong>Los ni\u00f1os mejoran en cada asesor\u00eda mientras aplican lo aprendido e incluyen nuevos contenidos, lo que permite una asimilaci\u00f3n y comunicaci\u00f3n eficaz en este nivel.<\/strong><\/p>\t\t\t\t\t\t\t\t<\/div>\n\t\t\t\t<\/div>\n\t\t\t\t<div class=\"elementor-element elementor-element-2385beb elementor-widget elementor-widget-image\" data-id=\"2385beb\" data-element_type=\"widget\" data-widget_type=\"image.default\">\n\t\t\t\t<div class=\"elementor-widget-container\">\n\t\t\t\t\t\t\t\t\t\t\t\t\t\t\t<img decoding=\"async\" width=\"388\" height=\"244\" data-src=\"https:\/\/alianzama.edu.mx\/wp-content\/uploads\/2025\/01\/2_20250105_121229_0000.png\" class=\"attachment-large size-large wp-image-1829 lazyload\" alt=\"\" data-srcset=\"https:\/\/alianzama.edu.mx\/wp-content\/uploads\/2025\/01\/2_20250105_121229_0000.png 388w, https:\/\/alianzama.edu.mx\/wp-content\/uploads\/2025\/01\/2_20250105_121229_0000-300x189.png 300w\" data-sizes=\"(max-width: 388px) 100vw, 388px\" src=\"data:image\/gif;base64,R0lGODlhAQABAAAAACH5BAEKAAEALAAAAAABAAEAAAICTAEAOw==\" style=\"--smush-placeholder-width: 388px; --smush-placeholder-aspect-ratio: 388\/244;\" \/>\t\t\t\t\t\t\t\t\t\t\t\t\t\t\t<\/div>\n\t\t\t\t<\/div>\n\t\t\t\t<\/div>\n\t\t<div class=\"elementor-element elementor-element-54ef6e6 e-flex e-con-boxed e-con e-child\" data-id=\"54ef6e6\" data-element_type=\"container\">\n\t\t\t\t\t<div class=\"e-con-inner\">\n\t\t\t\t<div class=\"elementor-element elementor-element-212f848 elementor-widget elementor-widget-heading\" data-id=\"212f848\" data-element_type=\"widget\" data-widget_type=\"heading.default\">\n\t\t\t\t<div class=\"elementor-widget-container\">\n\t\t\t\t\t<h2 class=\"elementor-heading-title elementor-size-default\">LET\u00b4S FLY BEYOND:<\/h2>\t\t\t\t<\/div>\n\t\t\t\t<\/div>\n\t\t<div class=\"elementor-element elementor-element-3678908 e-grid e-con-full e-con e-child\" data-id=\"3678908\" data-element_type=\"container\">\n\t\t\t\t<div class=\"elementor-element elementor-element-d0cc298 elementor-widget elementor-widget-image\" data-id=\"d0cc298\" data-element_type=\"widget\" data-widget_type=\"image.default\">\n\t\t\t\t<div class=\"elementor-widget-container\">\n\t\t\t\t\t\t\t\t\t\t\t\t\t\t\t<img decoding=\"async\" width=\"416\" height=\"266\" data-src=\"https:\/\/alianzama.edu.mx\/wp-content\/uploads\/2025\/01\/2_20250105_130911_0000.png\" class=\"attachment-large size-large wp-image-1838 lazyload\" alt=\"\" data-srcset=\"https:\/\/alianzama.edu.mx\/wp-content\/uploads\/2025\/01\/2_20250105_130911_0000.png 416w, https:\/\/alianzama.edu.mx\/wp-content\/uploads\/2025\/01\/2_20250105_130911_0000-300x192.png 300w\" data-sizes=\"(max-width: 416px) 100vw, 416px\" src=\"data:image\/gif;base64,R0lGODlhAQABAAAAACH5BAEKAAEALAAAAAABAAEAAAICTAEAOw==\" style=\"--smush-placeholder-width: 416px; --smush-placeholder-aspect-ratio: 416\/266;\" \/>\t\t\t\t\t\t\t\t\t\t\t\t\t\t\t<\/div>\n\t\t\t\t<\/div>\n\t\t\t\t<div class=\"elementor-element elementor-element-dea3207 elementor-widget elementor-widget-text-editor\" data-id=\"dea3207\" data-element_type=\"widget\" data-widget_type=\"text-editor.default\">\n\t\t\t\t<div class=\"elementor-widget-container\">\n\t\t\t\t\t\t\t\t\t<p><strong>El tercero y \u00faltimo recurso did\u00e1ctico de nuestro programa infantil est\u00e1 dise\u00f1ado cuidadosamente para consolidar y desarrollar habilidades de lectura de comprensi\u00f3n,<\/strong><\/p>\t\t\t\t\t\t\t\t<\/div>\n\t\t\t\t<\/div>\n\t\t\t\t<div class=\"elementor-element elementor-element-8e25490 elementor-widget elementor-widget-text-editor\" data-id=\"8e25490\" data-element_type=\"widget\" data-widget_type=\"text-editor.default\">\n\t\t\t\t<div class=\"elementor-widget-container\">\n\t\t\t\t\t\t\t\t\t<p><strong><span class=\"OYPEnA font-feature-liga-off font-feature-clig-off font-feature-calt-off text-decoration-none text-strikethrough-none\">desarrolla la escritura describiendo im\u00e1genes o situaciones familiares, donde los ni\u00f1os expresan libremente los detalles del momento. LET\u2019S FLY<\/span> <\/strong><\/p>\t\t\t\t\t\t\t\t<\/div>\n\t\t\t\t<\/div>\n\t\t\t\t<\/div>\n\t\t\t\t\t<\/div>\n\t\t\t\t<\/div>\n\t\t\t\t<div class=\"elementor-element elementor-element-9867d40 elementor-widget elementor-widget-text-editor\" data-id=\"9867d40\" data-element_type=\"widget\" data-widget_type=\"text-editor.default\">\n\t\t\t\t<div class=\"elementor-widget-container\">\n\t\t\t\t\t\t\t\t\t<p><strong>A1 FUNDAMENTALS 1 &amp; 2 A2 LOWER &amp; UPPER BASIC B1 INTERMEDIATE B2 UPPER INTERMEDIATE C1 ADVANCED<\/strong><\/p><p><strong>Podemos decir que, el Programa de ISI\u2013AMA para KIDS &amp; JUNIORS son equivalentes al los niveles; -A1\/A1\/A1+ y tambi\u00e9n A2 Esto quiere decir que los participantes adquieren los fundamentos curriculares del ingl\u00e9s de una manera eficaz y son capaces de comprender y utilizar expresiones de uso muy frecuente, as\u00ed como frases sencillas destinadas a satisfacer necesidades de tipo inmediato. Puede presentarse a s\u00ed mismo y a otros, saludar, reportar informaci\u00f3n personal, describir su alrededor; su familia, amigos, casa, mascota, pasatiempo, alimentos, actividades cotidianas, gustos y preferencias y mucho vocabulario m\u00e1s (ser en el ambiente); todo esto en todas las habilidades, de acuerdo a las edades de los participantes. En resumen, puede expresarse a nivel ELEMENTAL con un hablante nativo del idioma, siempre que su interlocutor hable despacio, con claridad y este dispuesto a cooperar.<\/strong><\/p><p><strong>\u00a0El avance en el programa general del Isi-Ama, ser\u00e1 estrat\u00e9gicamente adecuado por nuestros especialistas. Lo que permitir\u00e1 el Desarrollo de habilidades del ingl\u00e9s. Lo que permitir\u00e1 Certificar en alg\u00fan momento en TOEFL KIDS. Y posteriormente, TOEFL PRIMARY, TOEFL ITP, CeNNi.<\/strong><\/p>\t\t\t\t\t\t\t\t<\/div>\n\t\t\t\t<\/div>\n\t\t\t\t<\/div>\n\t\t\t\t<\/div>\n\t\t","protected":false},"excerpt":{"rendered":"<p>PROGRAMA INFANTIL KIDS &amp; JUNIORS De 2do de preescolar a quinto de primaria\u00a0 LET\u2019S START Es el programa ideal para iniciar a adquirir sonidos, vocabulario ya conocido en su propia&hellip; <br \/> <a class=\"read-more\" href=\"https:\/\/alianzama.edu.mx\/?page_id=1821\">Leer m\u00e1s<\/a><\/p>\n","protected":false},"author":2,"featured_media":0,"parent":0,"menu_order":0,"comment_status":"closed","ping_status":"closed","template":"elementor_header_footer","meta":{"footnotes":""},"class_list":["post-1821","page","type-page","status-publish","hentry"],"_links":{"self":[{"href":"https:\/\/alianzama.edu.mx\/index.php?rest_route=\/wp\/v2\/pages\/1821","targetHints":{"allow":["GET"]}}],"collection":[{"href":"https:\/\/alianzama.edu.mx\/index.php?rest_route=\/wp\/v2\/pages"}],"about":[{"href":"https:\/\/alianzama.edu.mx\/index.php?rest_route=\/wp\/v2\/types\/page"}],"author":[{"embeddable":true,"href":"https:\/\/alianzama.edu.mx\/index.php?rest_route=\/wp\/v2\/users\/2"}],"replies":[{"embeddable":true,"href":"https:\/\/alianzama.edu.mx\/index.php?rest_route=%2Fwp%2Fv2%2Fcomments&post=1821"}],"version-history":[{"count":19,"href":"https:\/\/alianzama.edu.mx\/index.php?rest_route=\/wp\/v2\/pages\/1821\/revisions"}],"predecessor-version":[{"id":1850,"href":"https:\/\/alianzama.edu.mx\/index.php?rest_route=\/wp\/v2\/pages\/1821\/revisions\/1850"}],"wp:attachment":[{"href":"https:\/\/alianzama.edu.mx\/index.php?rest_route=%2Fwp%2Fv2%2Fmedia&parent=1821"}],"curies":[{"name":"wp","href":"https:\/\/api.w.org\/{rel}","templated":true}]}}