{"id":1599,"date":"2024-12-16T06:39:04","date_gmt":"2024-12-16T06:39:04","guid":{"rendered":"https:\/\/alianzama.edu.mx\/?page_id=1599"},"modified":"2024-12-17T07:23:40","modified_gmt":"2024-12-17T07:23:40","slug":"contabilidad","status":"publish","type":"page","link":"https:\/\/alianzama.edu.mx\/?page_id=1599","title":{"rendered":"CONTABILIDAD"},"content":{"rendered":"\t\t<div data-elementor-type=\"wp-page\" data-elementor-id=\"1599\" class=\"elementor elementor-1599\">\n\t\t\t\t<div class=\"elementor-element elementor-element-d6f2621 e-grid e-con-full e-con e-parent\" data-id=\"d6f2621\" data-element_type=\"container\">\n\t\t\t\t<div class=\"elementor-element elementor-element-7dad6ad elementor-widget elementor-widget-image\" data-id=\"7dad6ad\" data-element_type=\"widget\" data-widget_type=\"image.default\">\n\t\t\t\t<div class=\"elementor-widget-container\">\n\t\t\t\t\t\t\t\t\t\t\t\t\t\t\t<img fetchpriority=\"high\" decoding=\"async\" width=\"838\" height=\"559\" src=\"https:\/\/alianzama.edu.mx\/wp-content\/uploads\/2024\/12\/65113485-tabla-del-escritorio-de-oficina-con-la-computadora-portatil-la-calculadora-el-smartphone-el-lapiz-transformed-e1734331841558.jpeg\" class=\"attachment-large size-large wp-image-1607\" alt=\"\" srcset=\"https:\/\/alianzama.edu.mx\/wp-content\/uploads\/2024\/12\/65113485-tabla-del-escritorio-de-oficina-con-la-computadora-portatil-la-calculadora-el-smartphone-el-lapiz-transformed-e1734331841558.jpeg 838w, https:\/\/alianzama.edu.mx\/wp-content\/uploads\/2024\/12\/65113485-tabla-del-escritorio-de-oficina-con-la-computadora-portatil-la-calculadora-el-smartphone-el-lapiz-transformed-e1734331841558-300x200.jpeg 300w, https:\/\/alianzama.edu.mx\/wp-content\/uploads\/2024\/12\/65113485-tabla-del-escritorio-de-oficina-con-la-computadora-portatil-la-calculadora-el-smartphone-el-lapiz-transformed-e1734331841558-768x512.jpeg 768w\" sizes=\"(max-width: 838px) 100vw, 838px\" \/>\t\t\t\t\t\t\t\t\t\t\t\t\t\t\t<\/div>\n\t\t\t\t<\/div>\n\t\t\t\t<div class=\"elementor-element elementor-element-5968aa0 elementor-widget elementor-widget-text-editor\" data-id=\"5968aa0\" data-element_type=\"widget\" data-widget_type=\"text-editor.default\">\n\t\t\t\t<div class=\"elementor-widget-container\">\n\t\t\t\t\t\t\t\t\t<h1><span style=\"color: #000000;\"><strong><i>LICENCIATURA EN CONTABILIDAD\u00a0<\/i><\/strong><\/span><\/h1><p class=\"RVOE\"><span style=\"color: #000000;\"><strong>RVOE:<\/strong><\/span> <span style=\"color: #ff0000;\">20231641<\/span><\/p><p class=\"RVOE\"><span style=\"color: #000000;\"><strong>Duraci\u00f3n<\/strong><\/span> <span style=\"color: #ff0000;\">9 cuatrimestres<\/span><\/p><p class=\"RVOE\"><span style=\"color: #000000;\"><strong>Modalidad<\/strong><\/span> <span style=\"color: #ff0000;\">No escolarizada<\/span><\/p><hr \/><p><em><strong><span style=\"color: #000000;\">REQUISITOS DE ADMISI\u00d3N<\/span><\/strong><\/em><\/p><ul><li>Original y copia de acta de nacimiento<\/li><li>Original y copia de certificado de bachillerato<\/li><li>Original y copia del CURP (actualizado)<\/li><li>6 Fotograf\u00edas tama\u00f1o infantil de frene a color en papel mate delgado<\/li><\/ul>\t\t\t\t\t\t\t\t<\/div>\n\t\t\t\t<\/div>\n\t\t\t\t<\/div>\n\t\t<div class=\"elementor-element elementor-element-8d2b042 e-flex e-con-boxed e-con e-parent\" data-id=\"8d2b042\" data-element_type=\"container\">\n\t\t\t\t\t<div class=\"e-con-inner\">\n\t\t\t\t<div class=\"elementor-element elementor-element-af3e497 elementor-widget elementor-widget-heading\" data-id=\"af3e497\" data-element_type=\"widget\" data-widget_type=\"heading.default\">\n\t\t\t\t<div class=\"elementor-widget-container\">\n\t\t\t\t\t<h2 class=\"elementor-heading-title elementor-size-default\">OBJETIVO DEL PLAN DE ESTUDI\u00d3 <\/h2>\t\t\t\t<\/div>\n\t\t\t\t<\/div>\n\t\t\t\t<div class=\"elementor-element elementor-element-134f8c0 e-transform e-transform elementor-widget elementor-widget-text-editor\" data-id=\"134f8c0\" data-element_type=\"widget\" data-settings=\"{&quot;_transform_translateX_effect&quot;:{&quot;unit&quot;:&quot;px&quot;,&quot;size&quot;:&quot;&quot;,&quot;sizes&quot;:[]},&quot;_transform_translateX_effect_tablet&quot;:{&quot;unit&quot;:&quot;px&quot;,&quot;size&quot;:&quot;&quot;,&quot;sizes&quot;:[]},&quot;_transform_translateX_effect_mobile&quot;:{&quot;unit&quot;:&quot;px&quot;,&quot;size&quot;:&quot;&quot;,&quot;sizes&quot;:[]},&quot;_transform_translateY_effect&quot;:{&quot;unit&quot;:&quot;px&quot;,&quot;size&quot;:&quot;&quot;,&quot;sizes&quot;:[]},&quot;_transform_translateY_effect_tablet&quot;:{&quot;unit&quot;:&quot;px&quot;,&quot;size&quot;:&quot;&quot;,&quot;sizes&quot;:[]},&quot;_transform_translateY_effect_mobile&quot;:{&quot;unit&quot;:&quot;px&quot;,&quot;size&quot;:&quot;&quot;,&quot;sizes&quot;:[]},&quot;_transform_scale_effect&quot;:{&quot;unit&quot;:&quot;px&quot;,&quot;size&quot;:&quot;&quot;,&quot;sizes&quot;:[]},&quot;_transform_scale_effect_tablet&quot;:{&quot;unit&quot;:&quot;px&quot;,&quot;size&quot;:&quot;&quot;,&quot;sizes&quot;:[]},&quot;_transform_scale_effect_mobile&quot;:{&quot;unit&quot;:&quot;px&quot;,&quot;size&quot;:&quot;&quot;,&quot;sizes&quot;:[]}}\" data-widget_type=\"text-editor.default\">\n\t\t\t\t<div class=\"elementor-widget-container\">\n\t\t\t\t\t\t\t\t\t<p>Contar\u00e1 con los componentes te\u00f3rico metodol\u00f3gicos que sustentan el desarrollo de la contadur\u00eda en el mundo actual, considerando los elementos auxiliares de las matem\u00e1ticas, la administraci\u00f3n, el derecho, la econom\u00eda y las nuevas tecnolog\u00edas de la informaci\u00f3n, as\u00ed como con las leyes, reg\u00edmenes y organismos designados en el marco fiscal nacional, con la finalidad de intervenir en el c\u00e1lculo y cumplimiento de figuras y obligaciones fiscales de los contribuyentes, el manejo de sistemas contables que contribuyan al desarrollo contable y financiero de la empresa.<\/p>\t\t\t\t\t\t\t\t<\/div>\n\t\t\t\t<\/div>\n\t\t\t\t<div class=\"elementor-element elementor-element-cab2372 elementor-widget elementor-widget-heading\" data-id=\"cab2372\" data-element_type=\"widget\" data-widget_type=\"heading.default\">\n\t\t\t\t<div class=\"elementor-widget-container\">\n\t\t\t\t\t<h2 class=\"elementor-heading-title elementor-size-default\">PERFIL DEL EGRESADO<\/h2>\t\t\t\t<\/div>\n\t\t\t\t<\/div>\n\t\t\t\t<div class=\"elementor-element elementor-element-6c97203 elementor-widget elementor-widget-text-editor\" data-id=\"6c97203\" data-element_type=\"widget\" data-widget_type=\"text-editor.default\">\n\t\t\t\t<div class=\"elementor-widget-container\">\n\t\t\t\t\t\t\t\t\t<ul><li>Clasificar las etapas del proceso administrativo y la figura del empresario<\/li><li>Analizar los problemas econ\u00f3micos contempor\u00e1neos a nivel nacional e internacional<\/li><li>Establecer la normatividad del acto administrativo y el derecho administrativo, as\u00ed como la relaci\u00f3n con el desarrollo de los poderes de la uni\u00f3n<\/li><li>Establecer los par\u00e1metros de resoluci\u00f3n de intereses simples y compuestos, as\u00ed como c\u00e1lculos de anualidades y depreciaciones<\/li><\/ul>\t\t\t\t\t\t\t\t<\/div>\n\t\t\t\t<\/div>\n\t\t\t\t\t<\/div>\n\t\t\t\t<\/div>\n\t\t<div class=\"elementor-element elementor-element-ea3cf3e e-flex e-con-boxed e-con e-parent\" data-id=\"ea3cf3e\" data-element_type=\"container\">\n\t\t\t\t\t<div class=\"e-con-inner\">\n\t\t\t\t<div class=\"elementor-element elementor-element-eeb4c6b elementor-widget elementor-widget-heading\" data-id=\"eeb4c6b\" data-element_type=\"widget\" data-widget_type=\"heading.default\">\n\t\t\t\t<div class=\"elementor-widget-container\">\n\t\t\t\t\t<h2 class=\"elementor-heading-title elementor-size-default\">\u00c1rea de desempe\u00f1o <\/h2>\t\t\t\t<\/div>\n\t\t\t\t<\/div>\n\t\t\t\t<div class=\"elementor-element elementor-element-496c5e8 elementor-widget elementor-widget-text-editor\" data-id=\"496c5e8\" data-element_type=\"widget\" data-widget_type=\"text-editor.default\">\n\t\t\t\t<div class=\"elementor-widget-container\">\n\t\t\t\t\t\t\t\t\t<p>El egresado podr\u00e1 emplearse dentro de la pr\u00e1ctica docente en diferentes niveles educativos, primaria, secundaria, bachillerato y educaci\u00f3n superior.<\/p>\t\t\t\t\t\t\t\t<\/div>\n\t\t\t\t<\/div>\n\t\t\t\t<div class=\"elementor-element elementor-element-3cae202 elementor-widget elementor-widget-html\" data-id=\"3cae202\" data-element_type=\"widget\" data-widget_type=\"html.default\">\n\t\t\t\t<div class=\"elementor-widget-container\">\n\t\t\t\t\t<a href=\"https:\/\/alianzama.edu.mx\/wp-content\/uploads\/2024\/12\/ALIANZA-MEXICO-AMERICANA-CONTABILIDAD.pdf\">\r\n<button class=\"download-button\">\r\n  <div class=\"docs\">\r\n    <svg\r\n      viewBox=\"0 0 24 24\"\r\n      width=\"20\"\r\n      height=\"20\"\r\n      stroke=\"currentColor\"\r\n      stroke-width=\"2\"\r\n      fill=\"none\"\r\n      stroke-linecap=\"round\"\r\n      stroke-linejoin=\"round\"\r\n      class=\"css-i6dzq1\"\r\n    >\r\n      <path\r\n        d=\"M14 2H6a2 2 0 0 0-2 2v16a2 2 0 0 0 2 2h12a2 2 0 0 0 2-2V8z\"\r\n      ><\/path>\r\n      <polyline points=\"14 2 14 8 20 8\"><\/polyline>\r\n      <line x1=\"16\" y1=\"13\" x2=\"8\" y2=\"13\"><\/line>\r\n      <line x1=\"16\" y1=\"17\" x2=\"8\" y2=\"17\"><\/line>\r\n      <polyline points=\"10 9 9 9 8 9\"><\/polyline>\r\n    <\/svg>\r\n    PLAN DE ESTUDIO\r\n  <\/div>\r\n  <div class=\"download\">\r\n    <svg\r\n      viewBox=\"0 0 24 24\"\r\n      width=\"24\"\r\n      height=\"24\"\r\n      stroke=\"currentColor\"\r\n      stroke-width=\"2\"\r\n      fill=\"none\"\r\n      stroke-linecap=\"round\"\r\n      stroke-linejoin=\"round\"\r\n      class=\"css-i6dzq1\"\r\n    >\r\n      <path d=\"M21 15v4a2 2 0 0 1-2 2H5a2 2 0 0 1-2-2v-4\"><\/path>\r\n      <polyline points=\"7 10 12 15 17 10\"><\/polyline>\r\n      <line x1=\"12\" y1=\"15\" x2=\"12\" y2=\"3\"><\/line>\r\n    <\/svg>\r\n  <\/div>\r\n<\/button>\r\n<a href=\"https:\/\/alianzama.edu.mx\/wp-content\/uploads\/2024\/12\/Ficha-Inscripcion-salida-salida.pdf\">\r\n<button class=\"download-button\">\r\n  <div class=\"docs\">\r\n    <svg\r\n      viewBox=\"0 0 24 24\"\r\n      width=\"20\"\r\n      height=\"20\"\r\n      stroke=\"currentColor\"\r\n      stroke-width=\"2\"\r\n      fill=\"none\"\r\n      stroke-linecap=\"round\"\r\n      stroke-linejoin=\"round\"\r\n      class=\"css-i6dzq1\"\r\n    >\r\n      <path\r\n        d=\"M14 2H6a2 2 0 0 0-2 2v16a2 2 0 0 0 2 2h12a2 2 0 0 0 2-2V8z\"\r\n      ><\/path>\r\n      <polyline points=\"14 2 14 8 20 8\"><\/polyline>\r\n      <line x1=\"16\" y1=\"13\" x2=\"8\" y2=\"13\"><\/line>\r\n      <line x1=\"16\" y1=\"17\" x2=\"8\" y2=\"17\"><\/line>\r\n      <polyline points=\"10 9 9 9 8 9\"><\/polyline>\r\n    <\/svg>\r\n    FICHA DE INSCRIPCI\u00d3N\r\n  <\/div>\r\n  <div class=\"download\">\r\n    <svg\r\n      viewBox=\"0 0 24 24\"\r\n      width=\"24\"\r\n      height=\"24\"\r\n      stroke=\"currentColor\"\r\n      stroke-width=\"2\"\r\n      fill=\"none\"\r\n      stroke-linecap=\"round\"\r\n      stroke-linejoin=\"round\"\r\n      class=\"css-i6dzq1\"\r\n    >\r\n      <path d=\"M21 15v4a2 2 0 0 1-2 2H5a2 2 0 0 1-2-2v-4\"><\/path>\r\n      <polyline points=\"7 10 12 15 17 10\"><\/polyline>\r\n      <line x1=\"12\" y1=\"15\" x2=\"12\" y2=\"3\"><\/line>\r\n    <\/svg>\r\n  <\/div>\r\n<\/button>\r\n<\/a>\r\n<style>\r\n    .download-button {\r\n  position: relative;\r\n  border-width: 0;\r\n  color: white;\r\n  font-size: 15px;\r\n  font-weight: 600;\r\n  cursor: pointer;\r\n  border-radius: 4px;\r\n  z-index: 1;\r\n  margin: 40px 60px\r\n}\r\n\r\n.download-button .docs {\r\n  display: flex;\r\n  align-items: center;\r\n  justify-content: space-between;\r\n  gap: 10px;\r\n  min-height: 40px;\r\n  padding: 0 10px;\r\n  border-radius: 4px;\r\n  z-index: 1;\r\n  background-color: #242a35;\r\n  border: solid 1px #e8e8e82d;\r\n  transition: all 0.5s cubic-bezier(0.77, 0, 0.175, 1);\r\n}\r\n\r\n.download-button:hover {\r\n  box-shadow:\r\n    rgba(0, 0, 0, 0.25) 0px 54px 55px,\r\n    rgba(0, 0, 0, 0.12) 0px -12px 30px,\r\n    rgba(0, 0, 0, 0.12) 0px 4px 6px,\r\n    rgba(0, 0, 0, 0.17) 0px 12px 13px,\r\n    rgba(0, 0, 0, 0.09) 0px -3px 5px;\r\n}\r\n\r\n.download {\r\n  position: absolute;\r\n  inset: 0;\r\n  display: flex;\r\n  align-items: center;\r\n  justify-content: center;\r\n  max-width: 90%;\r\n  margin: 0 auto;\r\n  z-index: -1;\r\n  border-radius: 4px;\r\n  transform: translateY(0%);\r\n  background-color: #66BF;\r\n  border: solid 1px #444;\r\n  transition: all 0.5s cubic-bezier(0.77, 0, 0.175, 1);\r\n}\r\n\r\n.download-button:hover .download {\r\n  transform: translateY(100%);\r\n}\r\n\r\n.download svg polyline,\r\n.download svg line {\r\n  animation: docs 1s infinite;\r\n}\r\n\r\n@keyframes docs {\r\n  0% {\r\n    transform: translateY(0%);\r\n  }\r\n\r\n  50% {\r\n    transform: translateY(-15%);\r\n  }\r\n\r\n  100% {\r\n    transform: translateY(0%);\r\n  }\r\n}\r\n\r\n<\/style>\t\t\t\t<\/div>\n\t\t\t\t<\/div>\n\t\t\t\t\t<\/div>\n\t\t\t\t<\/div>\n\t\t<div class=\"elementor-element elementor-element-9d4e36a e-con-full e-flex e-con e-parent\" data-id=\"9d4e36a\" data-element_type=\"container\">\n\t\t\t\t<div class=\"elementor-element elementor-element-d3b6a91 elementor-widget__width-inherit elementor-widget elementor-widget-html\" data-id=\"d3b6a91\" data-element_type=\"widget\" data-widget_type=\"html.default\">\n\t\t\t\t<div class=\"elementor-widget-container\">\n\t\t\t\t\t<!DOCTYPE html>\r\n<html lang=\"es\">\r\n<head>\r\n    <meta charset=\"UTF-8\">\r\n    <meta name=\"viewport\" content=\"width=device-width, initial-scale=1.0\">\r\n    <title>Pie de P\u00e1gina<\/title>\r\n    <link rel=\"stylesheet\" href=\"https:\/\/cdnjs.cloudflare.com\/ajax\/libs\/font-awesome\/5.15.3\/css\/all.min.css\">\r\n    <style>\r\n        .caja {\r\n            background-color: #111;\r\n            color: white;\r\n            padding: 20px 0;\r\n            text-align: center;\r\n            display: flex;\r\n            flex-wrap: wrap;\r\n            flex: 1;\r\n        }\r\n        .cajas {\r\n            flex: 1;\r\n            min-width:250PX;\r\n            margin: 10px;\r\n            padding: 10px;\r\n            background-color: #222;\r\n            border-radius: 5px;\r\n            box-sizing: border-box;\r\n        }\r\n        .cajat{\r\n        margin: auto\r\n        }\r\n        .cajas .Tcajas {\r\n            margin-top: 0;\r\n            font-size: 1.2em;\r\n            color: rgb(228, 228, 228);\r\n        }\r\n        .cajas .pcajas   {\r\n            margin: 5px 0;\r\n            font-size: 1em;\r\n        }\r\n        .cajas i {\r\n            font-size: 2em;\r\n            margin-bottom: 10px;\r\n        }\r\n\r\n        .footer-content.center-xs{\r\n            background-color: #111\r\n        }\r\n        .hero-title{\r\n            font-weight: 500 !important\r\n        }\r\n                i{\r\n            font-family: Sans-Serif\r\n        }\r\n    <\/style>\r\n<\/head>\r\n<body>\r\n    <!-- Otros contenidos de la p\u00e1gina -->\r\n\r\n    <footer class=\"caja\">\r\n        <div class=\"cajat\">\r\n            <img decoding=\"async\" data-src=\"https:\/\/alianzama.edu.mx\/wp-content\/uploads\/2021\/04\/LOGOTRANS.png\" width=\"250px\" src=\"data:image\/gif;base64,R0lGODlhAQABAAAAACH5BAEKAAEALAAAAAABAAEAAAICTAEAOw==\" class=\"lazyload\" style=\"--smush-placeholder-width: 1366px; --smush-placeholder-aspect-ratio: 1366\/768;\">\r\n        <\/div>\r\n        <div class=\"cajas\">\r\n            <i class=\"fas fa-phone-alt\"><\/i>\r\n            <h3 class=\"Tcajas\">Tel\u00e9fono<\/h3>\r\n            <p class=\"pcajas\">Campus Tlaxiaco: (953) 2397626<\/p>\r\n            <hr>\r\n            <p>Campus Pinotepa: (954) 206 1910 <br>(953) 229 5158<\/p>\r\n        <\/div>\r\n        <div class=\"cajas\">\r\n            <i class=\"fas fa-envelope\"><\/i>\r\n            <h3 class=\"Tcajas\">Correo Electr\u00f3nico<\/h3>\r\n            <p class=\"pcajas\">isiama.20361ctlaxiaco@gmail.com<\/p>\r\n            <hr>\r\n            <p class=\"pcajas\">isiama.pinotepa.20361@gmail.com<\/p>\r\n        <\/div>\r\n        <div class=\"cajas\">\r\n            <i class=\"fas fa-map-marker-alt\"><\/i>\r\n            <h3 class=\"Tcajas\">Ubicaci\u00f3n<\/h3>\r\n            <p class=\"pcajas\">Calle Tercera Ote. 105, Centro, 71600 Santiago Pinotepa Nacional, Oax., M\u00e9xico<\/p>\r\n        <\/div>\r\n    <\/footer>\r\n<\/body>\r\n<\/html>\t\t\t\t<\/div>\n\t\t\t\t<\/div>\n\t\t\t\t<\/div>\n\t\t\t\t<\/div>\n\t\t","protected":false},"excerpt":{"rendered":"<p>LICENCIATURA EN CONTABILIDAD\u00a0 RVOE: 20231641 Duraci\u00f3n 9 cuatrimestres Modalidad No escolarizada REQUISITOS DE ADMISI\u00d3N Original y copia de acta de nacimiento Original y copia de certificado de bachillerato Original y&hellip; <br \/> <a class=\"read-more\" href=\"https:\/\/alianzama.edu.mx\/?page_id=1599\">Leer m\u00e1s<\/a><\/p>\n","protected":false},"author":2,"featured_media":0,"parent":0,"menu_order":0,"comment_status":"closed","ping_status":"closed","template":"elementor_header_footer","meta":{"footnotes":""},"class_list":["post-1599","page","type-page","status-publish","hentry"],"_links":{"self":[{"href":"https:\/\/alianzama.edu.mx\/index.php?rest_route=\/wp\/v2\/pages\/1599","targetHints":{"allow":["GET"]}}],"collection":[{"href":"https:\/\/alianzama.edu.mx\/index.php?rest_route=\/wp\/v2\/pages"}],"about":[{"href":"https:\/\/alianzama.edu.mx\/index.php?rest_route=\/wp\/v2\/types\/page"}],"author":[{"embeddable":true,"href":"https:\/\/alianzama.edu.mx\/index.php?rest_route=\/wp\/v2\/users\/2"}],"replies":[{"embeddable":true,"href":"https:\/\/alianzama.edu.mx\/index.php?rest_route=%2Fwp%2Fv2%2Fcomments&post=1599"}],"version-history":[{"count":29,"href":"https:\/\/alianzama.edu.mx\/index.php?rest_route=\/wp\/v2\/pages\/1599\/revisions"}],"predecessor-version":[{"id":1679,"href":"https:\/\/alianzama.edu.mx\/index.php?rest_route=\/wp\/v2\/pages\/1599\/revisions\/1679"}],"wp:attachment":[{"href":"https:\/\/alianzama.edu.mx\/index.php?rest_route=%2Fwp%2Fv2%2Fmedia&parent=1599"}],"curies":[{"name":"wp","href":"https:\/\/api.w.org\/{rel}","templated":true}]}}