{"id":101,"date":"2021-01-11T19:12:09","date_gmt":"2021-01-11T19:12:09","guid":{"rendered":"http:\/\/3.128.5.7\/?page_id=101"},"modified":"2025-01-10T21:25:03","modified_gmt":"2025-01-10T21:25:03","slug":"tlaxiaco","status":"publish","type":"page","link":"https:\/\/alianzama.edu.mx\/?page_id=101","title":{"rendered":"Tlaxiaco"},"content":{"rendered":"\t\t<div data-elementor-type=\"wp-page\" data-elementor-id=\"101\" class=\"elementor elementor-101\">\n\t\t\t\t<div class=\"elementor-element elementor-element-16f6ade e-flex e-con-boxed e-con e-parent\" data-id=\"16f6ade\" data-element_type=\"container\">\n\t\t\t\t\t<div class=\"e-con-inner\">\n\t\t<div class=\"elementor-element elementor-element-b3b56c6 e-con-full e-flex e-con e-child\" data-id=\"b3b56c6\" data-element_type=\"container\">\n\t\t\t\t<div class=\"elementor-element elementor-element-85002d0 elementor-widget elementor-widget-text-editor\" data-id=\"85002d0\" data-element_type=\"widget\" data-widget_type=\"text-editor.default\">\n\t\t\t\t<div class=\"elementor-widget-container\">\n\t\t\t\t\t\t\t\t\t<p class=\"has-text-align-center has-large-font-size\">Sede Tlaxiaco<\/p>\n<p>\u00a0<\/p>\n<p>La ciudad de Tlaxiaco es la sede principal del Instituto Superior de Idiomas M\u00e9xico Americana. Abri\u00f3 sus puertas al p\u00fablico en general en la Casa de la Cultura , posteriormente cambi\u00f3 su direcci\u00f3n al barrio San Sebasti\u00e1n, Calle Chabacano No. 8.<\/p>\n<p>\u00a0<\/p>\n<p>Tlaxiaco es sede asesora del Programa Sepa Ingl\u00e9s 20361 y Centro aplicador de ex\u00e1menes de acreditaci\u00f3n para Certificaci\u00f3n Nacional con respaldo al Marco Com\u00fan Europeo (MCERL).<\/p>\t\t\t\t\t\t\t\t<\/div>\n\t\t\t\t<\/div>\n\t\t\t\t<\/div>\n\t\t<div class=\"elementor-element elementor-element-a355c00 e-con-full e-flex e-con e-child\" data-id=\"a355c00\" data-element_type=\"container\">\n\t\t\t\t<div class=\"elementor-element elementor-element-bd10b8d elementor-widget elementor-widget-image\" data-id=\"bd10b8d\" data-element_type=\"widget\" data-widget_type=\"image.default\">\n\t\t\t\t<div class=\"elementor-widget-container\">\n\t\t\t\t\t\t\t\t\t\t\t\t\t\t\t<img fetchpriority=\"high\" decoding=\"async\" width=\"836\" height=\"636\" src=\"https:\/\/alianzama.edu.mx\/wp-content\/uploads\/2021\/01\/cropped-tlaxiaco-3.jpg\" class=\"attachment-large size-large wp-image-150\" alt=\"\" srcset=\"https:\/\/alianzama.edu.mx\/wp-content\/uploads\/2021\/01\/cropped-tlaxiaco-3.jpg 836w, https:\/\/alianzama.edu.mx\/wp-content\/uploads\/2021\/01\/cropped-tlaxiaco-3-300x228.jpg 300w, https:\/\/alianzama.edu.mx\/wp-content\/uploads\/2021\/01\/cropped-tlaxiaco-3-768x584.jpg 768w\" sizes=\"(max-width: 836px) 100vw, 836px\" \/>\t\t\t\t\t\t\t\t\t\t\t\t\t\t\t<\/div>\n\t\t\t\t<\/div>\n\t\t\t\t<\/div>\n\t\t\t\t\t<\/div>\n\t\t\t\t<\/div>\n\t\t<div class=\"elementor-element elementor-element-ff515e4 e-flex e-con-boxed e-con e-parent\" data-id=\"ff515e4\" data-element_type=\"container\">\n\t\t\t\t\t<div class=\"e-con-inner\">\n\t\t<div class=\"elementor-element elementor-element-fde4c0b e-con-full e-flex e-con e-child\" data-id=\"fde4c0b\" data-element_type=\"container\">\n\t\t\t\t<div class=\"elementor-element elementor-element-4dae4a9 elementor-widget elementor-widget-image\" data-id=\"4dae4a9\" data-element_type=\"widget\" data-widget_type=\"image.default\">\n\t\t\t\t<div class=\"elementor-widget-container\">\n\t\t\t\t\t\t\t\t\t\t\t\t\t\t\t<img decoding=\"async\" width=\"773\" height=\"1024\" data-src=\"https:\/\/alianzama.edu.mx\/wp-content\/uploads\/2024\/11\/cropped-WhatsApp-Image-2021-07-27-at-12.22.41-PM-773x1024.jpeg\" class=\"attachment-large size-large wp-image-1286 lazyload\" alt=\"\" data-srcset=\"https:\/\/alianzama.edu.mx\/wp-content\/uploads\/2024\/11\/cropped-WhatsApp-Image-2021-07-27-at-12.22.41-PM-773x1024.jpeg 773w, https:\/\/alianzama.edu.mx\/wp-content\/uploads\/2024\/11\/cropped-WhatsApp-Image-2021-07-27-at-12.22.41-PM-227x300.jpeg 227w, https:\/\/alianzama.edu.mx\/wp-content\/uploads\/2024\/11\/cropped-WhatsApp-Image-2021-07-27-at-12.22.41-PM-768x1017.jpeg 768w, https:\/\/alianzama.edu.mx\/wp-content\/uploads\/2024\/11\/cropped-WhatsApp-Image-2021-07-27-at-12.22.41-PM-815x1080.jpeg 815w, https:\/\/alianzama.edu.mx\/wp-content\/uploads\/2024\/11\/cropped-WhatsApp-Image-2021-07-27-at-12.22.41-PM.jpeg 891w\" data-sizes=\"(max-width: 773px) 100vw, 773px\" src=\"data:image\/gif;base64,R0lGODlhAQABAAAAACH5BAEKAAEALAAAAAABAAEAAAICTAEAOw==\" style=\"--smush-placeholder-width: 773px; --smush-placeholder-aspect-ratio: 773\/1024;\" \/>\t\t\t\t\t\t\t\t\t\t\t\t\t\t\t<\/div>\n\t\t\t\t<\/div>\n\t\t\t\t<\/div>\n\t\t<div class=\"elementor-element elementor-element-13e63df e-con-full e-flex e-con e-child\" data-id=\"13e63df\" data-element_type=\"container\">\n\t\t\t\t<div class=\"elementor-element elementor-element-fb2364c elementor-widget elementor-widget-text-editor\" data-id=\"fb2364c\" data-element_type=\"widget\" data-widget_type=\"text-editor.default\">\n\t\t\t\t<div class=\"elementor-widget-container\">\n\t\t\t\t\t\t\t\t\t<p style=\"text-align: center;\">\u00a0<\/p>\n<div class=\"wp-block-media-text__content\">\n<p class=\"has-text-align-center has-large-font-size\">Director sede Tlaxiaco<\/p>\n<p>\u00a0<\/p>\n<p>Teacher: Carlos Martinez Ramon<\/p>\n<p>\u00a0<\/p>\n<p>Especialista en la Ense\u00f1anza del Ingl\u00e9s con un Enfoque comunicativo<\/p>\n<p>\u00a0<\/p>\n<p>Nivel m\u00e1ximo de certificaci\u00f3n CeNNi: C1 +<\/p>\n<p>\u00a0<\/p>\n<p>Diploma de especialidad con habilidades de Int\u00e9rprete.<\/p>\n<p>\u00a0<\/p>\n<p>\u00a0<\/p>\n<\/div>\n<p>\u00a0<\/p>\t\t\t\t\t\t\t\t<\/div>\n\t\t\t\t<\/div>\n\t\t\t\t<\/div>\n\t\t\t\t\t<\/div>\n\t\t\t\t<\/div>\n\t\t<div class=\"elementor-element elementor-element-0421835 e-flex e-con-boxed e-con e-parent\" data-id=\"0421835\" data-element_type=\"container\">\n\t\t\t\t\t<div class=\"e-con-inner\">\n\t\t\t\t<div class=\"elementor-element elementor-element-29f8fc1 elementor-widget elementor-widget-heading\" data-id=\"29f8fc1\" data-element_type=\"widget\" data-widget_type=\"heading.default\">\n\t\t\t\t<div class=\"elementor-widget-container\">\n\t\t\t\t\t<h2 class=\"elementor-heading-title elementor-size-default\">MUESTRAS INSTALACIONES <\/h2>\t\t\t\t<\/div>\n\t\t\t\t<\/div>\n\t\t\t\t\t<\/div>\n\t\t\t\t<\/div>\n\t\t<div class=\"elementor-element elementor-element-fbdecfd e-flex e-con-boxed e-con e-parent\" data-id=\"fbdecfd\" data-element_type=\"container\">\n\t\t\t\t\t<div class=\"e-con-inner\">\n\t\t<div class=\"elementor-element elementor-element-1e3e06e e-con-full e-flex e-con e-child\" data-id=\"1e3e06e\" data-element_type=\"container\">\n\t\t\t\t<div class=\"elementor-element elementor-element-19c6c06 elementor-widget elementor-widget-image\" data-id=\"19c6c06\" data-element_type=\"widget\" data-widget_type=\"image.default\">\n\t\t\t\t<div class=\"elementor-widget-container\">\n\t\t\t\t\t\t\t\t\t\t\t\t\t\t\t<img decoding=\"async\" width=\"1024\" height=\"576\" data-src=\"https:\/\/alianzama.edu.mx\/wp-content\/uploads\/2024\/06\/WhatsApp-Image-2024-04-26-at-5.41.54-PM-1-1024x576.jpeg\" class=\"attachment-large size-large wp-image-881 lazyload\" alt=\"\" data-srcset=\"https:\/\/alianzama.edu.mx\/wp-content\/uploads\/2024\/06\/WhatsApp-Image-2024-04-26-at-5.41.54-PM-1-1024x576.jpeg 1024w, https:\/\/alianzama.edu.mx\/wp-content\/uploads\/2024\/06\/WhatsApp-Image-2024-04-26-at-5.41.54-PM-1-300x169.jpeg 300w, https:\/\/alianzama.edu.mx\/wp-content\/uploads\/2024\/06\/WhatsApp-Image-2024-04-26-at-5.41.54-PM-1-768x432.jpeg 768w, https:\/\/alianzama.edu.mx\/wp-content\/uploads\/2024\/06\/WhatsApp-Image-2024-04-26-at-5.41.54-PM-1.jpeg 1280w\" data-sizes=\"(max-width: 1024px) 100vw, 1024px\" src=\"data:image\/gif;base64,R0lGODlhAQABAAAAACH5BAEKAAEALAAAAAABAAEAAAICTAEAOw==\" style=\"--smush-placeholder-width: 1024px; --smush-placeholder-aspect-ratio: 1024\/576;\" \/>\t\t\t\t\t\t\t\t\t\t\t\t\t\t\t<\/div>\n\t\t\t\t<\/div>\n\t\t\t\t<\/div>\n\t\t<div class=\"elementor-element elementor-element-54cc4b6 e-con-full e-flex e-con e-child\" data-id=\"54cc4b6\" data-element_type=\"container\">\n\t\t\t\t<div class=\"elementor-element elementor-element-e29e9fa elementor-widget elementor-widget-image\" data-id=\"e29e9fa\" data-element_type=\"widget\" data-widget_type=\"image.default\">\n\t\t\t\t<div class=\"elementor-widget-container\">\n\t\t\t\t\t\t\t\t\t\t\t\t\t\t\t<img decoding=\"async\" width=\"1024\" height=\"576\" data-src=\"https:\/\/alianzama.edu.mx\/wp-content\/uploads\/2024\/06\/WhatsApp-Image-2024-03-02-at-9.40.25-AM-1024x576.jpeg\" class=\"attachment-large size-large wp-image-882 lazyload\" alt=\"\" data-srcset=\"https:\/\/alianzama.edu.mx\/wp-content\/uploads\/2024\/06\/WhatsApp-Image-2024-03-02-at-9.40.25-AM-1024x576.jpeg 1024w, https:\/\/alianzama.edu.mx\/wp-content\/uploads\/2024\/06\/WhatsApp-Image-2024-03-02-at-9.40.25-AM-300x169.jpeg 300w, https:\/\/alianzama.edu.mx\/wp-content\/uploads\/2024\/06\/WhatsApp-Image-2024-03-02-at-9.40.25-AM-768x432.jpeg 768w, https:\/\/alianzama.edu.mx\/wp-content\/uploads\/2024\/06\/WhatsApp-Image-2024-03-02-at-9.40.25-AM.jpeg 1280w\" data-sizes=\"(max-width: 1024px) 100vw, 1024px\" src=\"data:image\/gif;base64,R0lGODlhAQABAAAAACH5BAEKAAEALAAAAAABAAEAAAICTAEAOw==\" style=\"--smush-placeholder-width: 1024px; --smush-placeholder-aspect-ratio: 1024\/576;\" \/>\t\t\t\t\t\t\t\t\t\t\t\t\t\t\t<\/div>\n\t\t\t\t<\/div>\n\t\t\t\t<\/div>\n\t\t\t\t\t<\/div>\n\t\t\t\t<\/div>\n\t\t<div class=\"elementor-element elementor-element-f9aeeff e-flex e-con-boxed e-con e-parent\" data-id=\"f9aeeff\" data-element_type=\"container\">\n\t\t\t\t\t<div class=\"e-con-inner\">\n\t\t\t\t<div class=\"elementor-element elementor-element-94ea028 elementor-widget elementor-widget-heading\" data-id=\"94ea028\" data-element_type=\"widget\" data-widget_type=\"heading.default\">\n\t\t\t\t<div class=\"elementor-widget-container\">\n\t\t\t\t\t<h2 class=\"elementor-heading-title elementor-size-default\">NUESTRAS ACTIVIDADES<\/h2>\t\t\t\t<\/div>\n\t\t\t\t<\/div>\n\t\t\t\t\t<\/div>\n\t\t\t\t<\/div>\n\t\t<div class=\"elementor-element elementor-element-98e80ad e-grid e-con-full e-con e-parent\" data-id=\"98e80ad\" data-element_type=\"container\">\n\t\t\t\t<div class=\"elementor-element elementor-element-51aa0fb elementor-widget__width-initial elementor-widget elementor-widget-image\" data-id=\"51aa0fb\" data-element_type=\"widget\" data-widget_type=\"image.default\">\n\t\t\t\t<div class=\"elementor-widget-container\">\n\t\t\t\t\t\t\t\t\t\t\t\t\t\t\t<img decoding=\"async\" width=\"1024\" height=\"766\" data-src=\"https:\/\/alianzama.edu.mx\/wp-content\/uploads\/2024\/06\/416110684_916078860239296_8438634394354778584_n-1024x766.jpg\" class=\"attachment-large size-large wp-image-888 lazyload\" alt=\"\" data-srcset=\"https:\/\/alianzama.edu.mx\/wp-content\/uploads\/2024\/06\/416110684_916078860239296_8438634394354778584_n-1024x766.jpg 1024w, https:\/\/alianzama.edu.mx\/wp-content\/uploads\/2024\/06\/416110684_916078860239296_8438634394354778584_n-300x224.jpg 300w, https:\/\/alianzama.edu.mx\/wp-content\/uploads\/2024\/06\/416110684_916078860239296_8438634394354778584_n-768x574.jpg 768w, https:\/\/alianzama.edu.mx\/wp-content\/uploads\/2024\/06\/416110684_916078860239296_8438634394354778584_n.jpg 1440w\" data-sizes=\"(max-width: 1024px) 100vw, 1024px\" src=\"data:image\/gif;base64,R0lGODlhAQABAAAAACH5BAEKAAEALAAAAAABAAEAAAICTAEAOw==\" style=\"--smush-placeholder-width: 1024px; --smush-placeholder-aspect-ratio: 1024\/766;\" \/>\t\t\t\t\t\t\t\t\t\t\t\t\t\t\t<\/div>\n\t\t\t\t<\/div>\n\t\t\t\t<div class=\"elementor-element elementor-element-bb6aba0 elementor-widget elementor-widget-image\" data-id=\"bb6aba0\" data-element_type=\"widget\" data-widget_type=\"image.default\">\n\t\t\t\t<div class=\"elementor-widget-container\">\n\t\t\t\t\t\t\t\t\t\t\t\t\t\t\t<img decoding=\"async\" width=\"1024\" height=\"767\" data-src=\"https:\/\/alianzama.edu.mx\/wp-content\/uploads\/2024\/06\/417433236_945957420584773_8786215385317076532_n-1-1024x767.jpg\" class=\"attachment-large size-large wp-image-887 lazyload\" alt=\"\" data-srcset=\"https:\/\/alianzama.edu.mx\/wp-content\/uploads\/2024\/06\/417433236_945957420584773_8786215385317076532_n-1-1024x767.jpg 1024w, https:\/\/alianzama.edu.mx\/wp-content\/uploads\/2024\/06\/417433236_945957420584773_8786215385317076532_n-1-300x225.jpg 300w, https:\/\/alianzama.edu.mx\/wp-content\/uploads\/2024\/06\/417433236_945957420584773_8786215385317076532_n-1-768x575.jpg 768w, https:\/\/alianzama.edu.mx\/wp-content\/uploads\/2024\/06\/417433236_945957420584773_8786215385317076532_n-1.jpg 1440w\" data-sizes=\"(max-width: 1024px) 100vw, 1024px\" src=\"data:image\/gif;base64,R0lGODlhAQABAAAAACH5BAEKAAEALAAAAAABAAEAAAICTAEAOw==\" style=\"--smush-placeholder-width: 1024px; --smush-placeholder-aspect-ratio: 1024\/767;\" \/>\t\t\t\t\t\t\t\t\t\t\t\t\t\t\t<\/div>\n\t\t\t\t<\/div>\n\t\t\t\t<div class=\"elementor-element elementor-element-bc9c4c3 elementor-widget elementor-widget-image\" data-id=\"bc9c4c3\" data-element_type=\"widget\" data-widget_type=\"image.default\">\n\t\t\t\t<div class=\"elementor-widget-container\">\n\t\t\t\t\t\t\t\t\t\t\t\t\t\t\t<img decoding=\"async\" width=\"1024\" height=\"767\" data-src=\"https:\/\/alianzama.edu.mx\/wp-content\/uploads\/2024\/06\/399021555_879643027216213_1690537863235036188_n-1024x767.jpg\" class=\"attachment-large size-large wp-image-886 lazyload\" alt=\"\" data-srcset=\"https:\/\/alianzama.edu.mx\/wp-content\/uploads\/2024\/06\/399021555_879643027216213_1690537863235036188_n-1024x767.jpg 1024w, https:\/\/alianzama.edu.mx\/wp-content\/uploads\/2024\/06\/399021555_879643027216213_1690537863235036188_n-300x225.jpg 300w, https:\/\/alianzama.edu.mx\/wp-content\/uploads\/2024\/06\/399021555_879643027216213_1690537863235036188_n-768x575.jpg 768w, https:\/\/alianzama.edu.mx\/wp-content\/uploads\/2024\/06\/399021555_879643027216213_1690537863235036188_n.jpg 1440w\" data-sizes=\"(max-width: 1024px) 100vw, 1024px\" src=\"data:image\/gif;base64,R0lGODlhAQABAAAAACH5BAEKAAEALAAAAAABAAEAAAICTAEAOw==\" style=\"--smush-placeholder-width: 1024px; --smush-placeholder-aspect-ratio: 1024\/767;\" \/>\t\t\t\t\t\t\t\t\t\t\t\t\t\t\t<\/div>\n\t\t\t\t<\/div>\n\t\t\t\t<div class=\"elementor-element elementor-element-2d0e88d elementor-widget elementor-widget-image\" data-id=\"2d0e88d\" data-element_type=\"widget\" data-widget_type=\"image.default\">\n\t\t\t\t<div class=\"elementor-widget-container\">\n\t\t\t\t\t\t\t\t\t\t\t\t\t\t\t<img decoding=\"async\" width=\"1024\" height=\"766\" data-src=\"https:\/\/alianzama.edu.mx\/wp-content\/uploads\/2024\/06\/414458450_911030244077491_5556762371835373068_n-1024x766.jpg\" class=\"attachment-large size-large wp-image-885 lazyload\" alt=\"\" data-srcset=\"https:\/\/alianzama.edu.mx\/wp-content\/uploads\/2024\/06\/414458450_911030244077491_5556762371835373068_n-1024x766.jpg 1024w, https:\/\/alianzama.edu.mx\/wp-content\/uploads\/2024\/06\/414458450_911030244077491_5556762371835373068_n-300x225.jpg 300w, https:\/\/alianzama.edu.mx\/wp-content\/uploads\/2024\/06\/414458450_911030244077491_5556762371835373068_n-768x575.jpg 768w, https:\/\/alianzama.edu.mx\/wp-content\/uploads\/2024\/06\/414458450_911030244077491_5556762371835373068_n.jpg 1439w\" data-sizes=\"(max-width: 1024px) 100vw, 1024px\" src=\"data:image\/gif;base64,R0lGODlhAQABAAAAACH5BAEKAAEALAAAAAABAAEAAAICTAEAOw==\" style=\"--smush-placeholder-width: 1024px; --smush-placeholder-aspect-ratio: 1024\/766;\" \/>\t\t\t\t\t\t\t\t\t\t\t\t\t\t\t<\/div>\n\t\t\t\t<\/div>\n\t\t\t\t<div class=\"elementor-element elementor-element-387f59e elementor-widget elementor-widget-image\" data-id=\"387f59e\" data-element_type=\"widget\" data-widget_type=\"image.default\">\n\t\t\t\t<div class=\"elementor-widget-container\">\n\t\t\t\t\t\t\t\t\t\t\t\t\t\t\t<img decoding=\"async\" width=\"769\" height=\"960\" data-src=\"https:\/\/alianzama.edu.mx\/wp-content\/uploads\/2024\/06\/406812861_898315088682340_6648227801308040372_n.jpg\" class=\"attachment-large size-large wp-image-884 lazyload\" alt=\"\" data-srcset=\"https:\/\/alianzama.edu.mx\/wp-content\/uploads\/2024\/06\/406812861_898315088682340_6648227801308040372_n.jpg 769w, https:\/\/alianzama.edu.mx\/wp-content\/uploads\/2024\/06\/406812861_898315088682340_6648227801308040372_n-240x300.jpg 240w\" data-sizes=\"(max-width: 769px) 100vw, 769px\" src=\"data:image\/gif;base64,R0lGODlhAQABAAAAACH5BAEKAAEALAAAAAABAAEAAAICTAEAOw==\" style=\"--smush-placeholder-width: 769px; --smush-placeholder-aspect-ratio: 769\/960;\" \/>\t\t\t\t\t\t\t\t\t\t\t\t\t\t\t<\/div>\n\t\t\t\t<\/div>\n\t\t\t\t<\/div>\n\t\t<div class=\"elementor-element elementor-element-e912135 e-flex e-con-boxed e-con e-parent\" data-id=\"e912135\" data-element_type=\"container\">\n\t\t\t\t\t<div class=\"e-con-inner\">\n\t\t\t\t<div class=\"elementor-element elementor-element-a09211f elementor-widget elementor-widget-heading\" data-id=\"a09211f\" data-element_type=\"widget\" data-widget_type=\"heading.default\">\n\t\t\t\t<div class=\"elementor-widget-container\">\n\t\t\t\t\t<h2 class=\"elementor-heading-title elementor-size-default\">Ub\u00edcanos como SEPA ingl\u00e9s 20361<\/h2>\t\t\t\t<\/div>\n\t\t\t\t<\/div>\n\t\t\t\t<div class=\"elementor-element elementor-element-6a27981 elementor-widget elementor-widget-html\" data-id=\"6a27981\" data-element_type=\"widget\" data-widget_type=\"html.default\">\n\t\t\t\t<div class=\"elementor-widget-container\">\n\t\t\t\t\t<iframe   data-src=\"https:\/\/www.google.com\/maps\/place\/Campus+Tlaxiaco+SEPA+ingl%C3%A9s+20361\/@17.2667893,-97.6816617,17.84z\/data=!4m6!3m5!1s0x85c62f85bd63c24d:0x1308b56df33c91ba!8m2!3d17.2668016!4d-97.6800993!16s%2Fg%2F11trskxr5g?entry=ttu\" width=\"1920\" height=\"500\" frameborder=\"0\" style=\"border:0;\" allowfullscreen=\"\" aria-hidden=\"false\" tabindex=\"0\" src=\"data:image\/gif;base64,R0lGODlhAQABAAAAACH5BAEKAAEALAAAAAABAAEAAAICTAEAOw==\" class=\"lazyload\" data-load-mode=\"1\"><\/iframe>\t\t\t\t<\/div>\n\t\t\t\t<\/div>\n\t\t\t\t\t<\/div>\n\t\t\t\t<\/div>\n\t\t<div class=\"elementor-element elementor-element-ba39667 e-con-full e-flex e-con e-parent\" data-id=\"ba39667\" data-element_type=\"container\">\n\t\t\t\t<div class=\"elementor-element elementor-element-f5a5378 elementor-widget__width-inherit elementor-widget elementor-widget-html\" data-id=\"f5a5378\" data-element_type=\"widget\" data-widget_type=\"html.default\">\n\t\t\t\t<div class=\"elementor-widget-container\">\n\t\t\t\t\t<!DOCTYPE html>\r\n<html lang=\"es\">\r\n<head>\r\n    <meta charset=\"UTF-8\">\r\n    <meta name=\"viewport\" content=\"width=device-width, initial-scale=1.0\">\r\n    <title>Pie de P\u00e1gina<\/title>\r\n    <link rel=\"stylesheet\" href=\"https:\/\/cdnjs.cloudflare.com\/ajax\/libs\/font-awesome\/5.15.3\/css\/all.min.css\">\r\n    <style>\r\n        .caja {\r\n            background-color: #111;\r\n            color: white;\r\n            padding: 20px 0;\r\n            text-align: center;\r\n            display: flex;\r\n            flex-wrap: wrap;\r\n            flex: 1;\r\n        }\r\n        .cajas {\r\n            flex: 1;\r\n            min-width:250PX;\r\n            margin: 10px;\r\n            padding: 10px;\r\n            background-color: #222;\r\n            border-radius: 5px;\r\n            box-sizing: border-box;\r\n        }\r\n        .cajat{\r\n        margin: auto\r\n        }\r\n        .cajas .Tcajas {\r\n            margin-top: 0;\r\n            font-size: 1.2em;\r\n            color: rgb(228, 228, 228);\r\n        }\r\n        .cajas .pcajas   {\r\n            margin: 5px 0;\r\n            font-size: 1em;\r\n        }\r\n        .cajas i {\r\n            font-size: 2em;\r\n            margin-bottom: 10px;\r\n        }\r\n\r\n        .footer-content.center-xs{\r\n            background-color: #111\r\n        }\r\n        .hero-title{\r\n            font-weight: 500 !important;\r\n        i{\r\n            font-family: Sans-Serif\r\n        }\r\n    <\/style>\r\n<\/head>\r\n<body>\r\n    <!-- Otros contenidos de la p\u00e1gina -->\r\n\r\n    <footer class=\"caja\">\r\n        <div class=\"cajat\">\r\n            <img decoding=\"async\" data-src=\"https:\/\/alianzama.edu.mx\/wp-content\/uploads\/2021\/04\/LOGOTRANS.png\" width=\"250px\" src=\"data:image\/gif;base64,R0lGODlhAQABAAAAACH5BAEKAAEALAAAAAABAAEAAAICTAEAOw==\" class=\"lazyload\" style=\"--smush-placeholder-width: 1366px; --smush-placeholder-aspect-ratio: 1366\/768;\">\r\n        <\/div>\r\n        <div class=\"cajas\">\r\n            <i class=\"fas fa-phone-alt\"><\/i>\r\n            <h3 class=\"Tcajas\">Tel\u00e9fono<\/h3>\r\n            <p class=\"pcajas\">Campus Tlaxiaco: (953) 2397626<\/p>\r\n            <hr>\r\n            <p>Campus Pinotepa: (954) 206 1910 <br>(953) 229 5158<\/p>\r\n        <\/div>\r\n        <div class=\"cajas\">\r\n            <i class=\"fas fa-envelope\"><\/i>\r\n            <h3 class=\"Tcajas\">Correo Electr\u00f3nico<\/h3>\r\n            <p class=\"pcajas\">isiama.20361ctlaxiaco@gmail.com<\/p>\r\n            <hr>\r\n            <p class=\"pcajas\">isiama.pinotepa.20361@gmail.com<\/p>\r\n        <\/div>\r\n        <div class=\"cajas\">\r\n            <i class=\"fas fa-map-marker-alt\"><\/i>\r\n            <h3 class=\"Tcajas\">Ubicaci\u00f3n<\/h3>\r\n            <p class=\"pcajas\">Calle Tercera Ote. 105, Centro, 71600 Santiago Pinotepa Nacional, Oax., M\u00e9xico<\/p>\r\n        <\/div>\r\n    <\/footer>\r\n<\/body>\r\n<\/html>\t\t\t\t<\/div>\n\t\t\t\t<\/div>\n\t\t\t\t<\/div>\n\t\t\t\t<\/div>\n\t\t","protected":false},"excerpt":{"rendered":"<p>Sede Tlaxiaco \u00a0 La ciudad de Tlaxiaco es la sede principal del Instituto Superior de Idiomas M\u00e9xico Americana. Abri\u00f3 sus puertas al p\u00fablico en general en la Casa de la&hellip; <br \/> <a class=\"read-more\" href=\"https:\/\/alianzama.edu.mx\/?page_id=101\">Leer m\u00e1s<\/a><\/p>\n","protected":false},"author":1,"featured_media":0,"parent":0,"menu_order":0,"comment_status":"closed","ping_status":"closed","template":"elementor_header_footer","meta":{"footnotes":""},"class_list":["post-101","page","type-page","status-publish","hentry"],"_links":{"self":[{"href":"https:\/\/alianzama.edu.mx\/index.php?rest_route=\/wp\/v2\/pages\/101","targetHints":{"allow":["GET"]}}],"collection":[{"href":"https:\/\/alianzama.edu.mx\/index.php?rest_route=\/wp\/v2\/pages"}],"about":[{"href":"https:\/\/alianzama.edu.mx\/index.php?rest_route=\/wp\/v2\/types\/page"}],"author":[{"embeddable":true,"href":"https:\/\/alianzama.edu.mx\/index.php?rest_route=\/wp\/v2\/users\/1"}],"replies":[{"embeddable":true,"href":"https:\/\/alianzama.edu.mx\/index.php?rest_route=%2Fwp%2Fv2%2Fcomments&post=101"}],"version-history":[{"count":19,"href":"https:\/\/alianzama.edu.mx\/index.php?rest_route=\/wp\/v2\/pages\/101\/revisions"}],"predecessor-version":[{"id":2026,"href":"https:\/\/alianzama.edu.mx\/index.php?rest_route=\/wp\/v2\/pages\/101\/revisions\/2026"}],"wp:attachment":[{"href":"https:\/\/alianzama.edu.mx\/index.php?rest_route=%2Fwp%2Fv2%2Fmedia&parent=101"}],"curies":[{"name":"wp","href":"https:\/\/api.w.org\/{rel}","templated":true}]}}